{"id":134,"date":"2023-03-14T10:40:01","date_gmt":"2023-03-14T10:40:01","guid":{"rendered":"https:\/\/export.mercurytheme.com\/013\/?page_id=134"},"modified":"2026-02-23T13:51:39","modified_gmt":"2026-02-23T13:51:39","slug":"omegle-alternative-site","status":"publish","type":"page","link":"https:\/\/vidizzy.chat\/tr\/","title":{"rendered":"Ev"},"content":{"rendered":"<header class=\"wp-block-cover is-light\"><img loading=\"lazy\" decoding=\"async\" width=\"2560\" height=\"1707\" class=\"wp-block-cover__image-background wp-image-24 size-full\" alt=\"Vidizzy g\u00f6r\u00fcnt\u00fcl\u00fc sohbet kullanarak birlikte e\u011flenen bir grup insan. \" src=\"https:\/\/vidizzy.chat\/wp-content\/uploads\/2023\/03\/AdobeStock_484873483.webp\" style=\"object-position:50% 65%\" data-object-fit=\"cover\" data-object-position=\"50% 65%\" srcset=\"https:\/\/vidizzy.chat\/wp-content\/uploads\/2023\/03\/AdobeStock_484873483.webp 2560w, https:\/\/vidizzy.chat\/wp-content\/uploads\/2023\/03\/AdobeStock_484873483-300x200.webp 300w, https:\/\/vidizzy.chat\/wp-content\/uploads\/2023\/03\/AdobeStock_484873483-1024x683.webp 1024w, https:\/\/vidizzy.chat\/wp-content\/uploads\/2023\/03\/AdobeStock_484873483-768x512.webp 768w, https:\/\/vidizzy.chat\/wp-content\/uploads\/2023\/03\/AdobeStock_484873483-1536x1024.webp 1536w, https:\/\/vidizzy.chat\/wp-content\/uploads\/2023\/03\/AdobeStock_484873483-2048x1366.webp 2048w, https:\/\/vidizzy.chat\/wp-content\/uploads\/2023\/03\/AdobeStock_484873483-60x40.webp 60w, https:\/\/vidizzy.chat\/wp-content\/uploads\/2023\/03\/AdobeStock_484873483-48x32.webp 48w, https:\/\/vidizzy.chat\/wp-content\/uploads\/2023\/03\/AdobeStock_484873483-105x70.webp 105w, https:\/\/vidizzy.chat\/wp-content\/uploads\/2023\/03\/AdobeStock_484873483-120x80.webp 120w, https:\/\/vidizzy.chat\/wp-content\/uploads\/2023\/03\/AdobeStock_484873483-202x135.webp 202w\" sizes=\"auto, (max-width: 2560px) 100vw, 2560px\" \/><span aria-hidden=\"true\" class=\"wp-block-cover__background has-background-dim\" style=\"background-color:#b2a3a1\"><\/span><div class=\"wp-block-cover__inner-container is-layout-constrained wp-block-cover-is-layout-constrained\">\n<h2 class=\"wp-block-heading has-text-align-center has-mercury-peter-river-color has-text-color has-link-color wp-elements-0057490c8d62941ab8091d63f8a669db\" style=\"font-size:44px;font-style:italic;font-weight:600\"><strong>EN IYI RASTGELE YETI\u015eKIN SOHBET SITESI<\/strong><\/h2>\n\n\n\n<p class=\"has-text-align-center has-mercury-white-color has-text-color has-link-color has-medium-font-size wp-elements-795299d8b0dd385ff8ae8a0e5ceb217f\">Vidizzy'de rastgele yabanc\u0131larla \u00e7evrimi\u00e7i sohbet edin - g\u00fcvenli bir \u015fekilde, an\u0131nda ve kaydolmadan.<\/p>\n\n\n\n<div class=\"wp-block-buttons is-content-justification-center is-layout-flex wp-container-core-buttons-is-layout-16018d1d wp-block-buttons-is-layout-flex\">\n<div class=\"wp-block-button is-style-fill\"><a class=\"wp-block-button__link has-mercury-white-color has-vivid-cyan-blue-to-vivid-purple-gradient-background has-text-color has-background has-link-color has-text-align-center wp-element-button\" href=\"https:\/\/vidizzy.chat\/ff\/\">Buradan Ba\u015flay\u0131n<\/a><\/div>\n<\/div>\n<\/div><\/header>\n\n\n\n<div class=\"wp-block-group is-vertical is-content-justification-center is-layout-flex wp-container-core-group-is-layout-4b2eccd6 wp-block-group-is-layout-flex\">\n<h1 class=\"wp-block-heading has-text-align-center has-mercury-gray-color has-text-color has-link-color wp-elements-701e5ed66b1478c476adfcb36d2a2395\" style=\"font-size:32px\">Vidizzy'ye Ho\u015f Geldiniz: \u00c7evrimi\u00e7i G\u00f6r\u00fcnt\u00fcl\u00fc Sohbetin Gelece\u011fi<\/h1>\n<\/div>\n\n\n\n<div class=\"wp-block-group is-layout-grid wp-container-core-group-is-layout-8d2db683 wp-block-group-is-layout-grid\">\n<p class=\"has-text-align-center has-mercury-gray-color has-text-color has-link-color wp-elements-8c67e267dcd0368fe68cc8ac8e2d6108\">D\u00fcnya \u00e7ap\u0131ndaki insanlarla ba\u011flant\u0131 kurman\u0131n e\u011flenceli, g\u00fcvenli ve heyecan verici bir yolunu mu ar\u0131yorsunuz? Bizimle, do\u011frudan taray\u0131c\u0131n\u0131zdan h\u0131zl\u0131, g\u00fcvenli ve \u00f6zel g\u00f6r\u00fcnt\u00fcl\u00fc sohbet yoluyla spontane kameradan kameraya sohbetlerin keyfini \u00e7\u0131karabilirsiniz. Sadece t\u0131klay\u0131n ve sohbete ba\u015flay\u0131n!<br><\/p>\n<\/div>\n\n\n\n<div style=\"height:30px\" aria-hidden=\"true\" class=\"wp-block-spacer\"><\/div>\n\n\n<div class=\"wp-block-image is-style-default\">\n<figure class=\"aligncenter size-medium is-resized\"><img loading=\"lazy\" decoding=\"async\" width=\"300\" height=\"263\" src=\"https:\/\/vidizzy.chat\/wp-content\/uploads\/2023\/03\/home-icon-2-300x263.png\" alt=\"\" class=\"wp-image-27\" style=\"object-fit:cover;width:229px;height:200px\" srcset=\"https:\/\/vidizzy.chat\/wp-content\/uploads\/2023\/03\/home-icon-2-300x263.png 300w, https:\/\/vidizzy.chat\/wp-content\/uploads\/2023\/03\/home-icon-2-46x40.png 46w, https:\/\/vidizzy.chat\/wp-content\/uploads\/2023\/03\/home-icon-2-36x32.png 36w, https:\/\/vidizzy.chat\/wp-content\/uploads\/2023\/03\/home-icon-2-80x70.png 80w, https:\/\/vidizzy.chat\/wp-content\/uploads\/2023\/03\/home-icon-2-91x80.png 91w, https:\/\/vidizzy.chat\/wp-content\/uploads\/2023\/03\/home-icon-2-154x135.png 154w, https:\/\/vidizzy.chat\/wp-content\/uploads\/2023\/03\/home-icon-2.png 342w\" sizes=\"auto, (max-width: 300px) 100vw, 300px\" \/><\/figure>\n<\/div>\n\n\n<div style=\"height:30px\" aria-hidden=\"true\" class=\"wp-block-spacer\"><\/div>\n\n\n\n<h2 class=\"wp-block-heading\">Neden Vidizzy'yi Se\u00e7melisiniz?<\/h2>\n\n\n\n<p>Sanal etkile\u015fimlerinizi geli\u015ftiren benzersiz \u00f6zellik kombinasyonuyla \u00f6ne \u00e7\u0131k\u0131yor. G\u00fcvenli, sorunsuz ve ki\u015fiselle\u015ftirilmi\u015f bir deneyim sa\u011flarken k\u00fcresel ileti\u015fimi basitle\u015ftirir.<\/p>\n\n\n\n<p style=\"font-size:16px\">\ud83c\udf0d<strong>K\u00fcresel eri\u015filebilirlik<\/strong>: Gereksiz k\u0131s\u0131tlamalar olmadan d\u00fcnya \u00e7ap\u0131ndaki kullan\u0131c\u0131larla ba\u011flant\u0131 kurun. Konum ve dil filtreleri ile tercihlerinize uygun konu\u015fmalar\u0131 ke\u015ffetmenizi sa\u011flar.<\/p>\n\n\n\n<p style=\"font-size:16px\">\ud83c\udfa8<strong>\u00d6zelle\u015ftirilebilir se\u00e7enekler<\/strong>: Ak\u0131ll\u0131 e\u015fle\u015ftirme se\u00e7eneklerini kullanarak titre\u015fiminizi payla\u015fan ki\u015filerle ba\u011flant\u0131 kurun.<\/p>\n\n\n\n<p style=\"font-size:16px\">\u270d\ufe0f <strong>Kay\u0131t gerekmiyor<\/strong>: Kamerayla an\u0131nda \u00fccretsiz sohbet edin. \u0130stemedi\u011finiz s\u00fcrece e-postan\u0131z\u0131 kullanman\u0131za gerek yok.<\/p>\n\n\n\n<h2 class=\"wp-block-heading\">Vidizzy \u00d6zellikleri<\/h2>\n\n\n\n<p>Sorunsuz ve \u00f6zelle\u015ftirilebilir bir yeti\u015fkin g\u00f6r\u00fcnt\u00fcl\u00fc sohbet deneyiminin keyfini \u00e7\u0131kar\u0131n:<\/p>\n\n\n\n<p>\ud83d\udd12 <strong>\u00d6zel ve G\u00fcvenli<\/strong> - U\u00e7tan uca \u015fifreleme ve anonim sohbet<\/p>\n\n\n\n<p>\ud83c\udfa5 <strong>HD Video ve Net Ses<\/strong> - D\u00fc\u015f\u00fck bant geni\u015fli\u011finde bile sorunsuz ileti\u015fim<\/p>\n\n\n\n<p>\u2699\ufe0f <strong>Kayd\u0131r\u0131n ve e\u015fle\u015ftirin<\/strong> - Kiminle sohbet etti\u011finizi be\u011fenmediniz mi? Bir sonrakine ge\u00e7<\/p>\n\n\n\n<p>\ud83d\udeab <strong>Moderasyon Ara\u00e7lar\u0131<\/strong> - Kullan\u0131c\u0131lar\u0131 an\u0131nda engelleyin veya raporlay\u0131n<\/p>\n\n\n\n<p>\ud83d\udcf1 <strong>Taray\u0131c\u0131 Tabanl\u0131<\/strong> - \u0130ndirme yok. Masa\u00fcst\u00fc, tablet ve mobil cihazlarda \u00e7al\u0131\u015f\u0131r<\/p>\n\n\n\n<h2 class=\"wp-block-heading\">Vidizzy Nas\u0131l Kullan\u0131l\u0131r<\/h2>\n\n\n\n<p>\u00dccretsiz kameral\u0131 sohbet deneyiminize ba\u015flamak sadece birka\u00e7 saniye s\u00fcrer:<\/p>\n\n\n\n<ol class=\"wp-block-list\">\n<li><strong>Vidizzy.chat'ye git<\/strong>- Uygulama veya kurulum gerekmez.<\/li>\n\n\n\n<li><strong>Kamera ve Mikrofona \u0130zin Ver<\/strong> - Y\u00fcksek kaliteli video ve ses sa\u011flay\u0131n<\/li>\n\n\n\n<li><strong>Tercihlerinizi Ayarlay\u0131n<\/strong> - Daha iyi ba\u011flant\u0131lar i\u00e7in filtreleri \u00f6zelle\u015ftirin<\/li>\n\n\n\n<li><strong>Sohbete Ba\u015flay\u0131n!<\/strong> - An\u0131nda yeni biriyle tan\u0131\u015f\u0131n<\/li>\n<\/ol>\n\n\n\n<p class=\"has-medium-font-size\"><strong>\u00dccretsiz G\u00f6r\u00fcnt\u00fcl\u00fc Sohbet Ba\u015flatmaya Haz\u0131r m\u0131s\u0131n\u0131z?<\/strong><\/p>\n\n\n\n<p>Binlerce ki\u015fiye kat\u0131l\u0131n ve ba\u011flant\u0131 kurun - kamerada \u00fccretsiz sohbet edin, kay\u0131t yok, stres yok. Sadece ger\u00e7ek sohbetler, sizin yolunuz.<\/p>\n\n\n\n<div class=\"wp-block-buttons is-content-justification-center is-layout-flex wp-container-core-buttons-is-layout-16018d1d wp-block-buttons-is-layout-flex\">\n<div class=\"wp-block-button is-style-fill\"><a class=\"wp-block-button__link has-mercury-white-color has-vivid-cyan-blue-to-vivid-purple-gradient-background has-text-color has-background has-link-color has-text-align-center wp-element-button\" href=\"https:\/\/vidizzy.chat\/tr\/iwy\/\">An\u0131nda Sohbete Ba\u015flay\u0131n<\/a><\/div>\n<\/div>\n\n\n\n<div style=\"height:30px\" aria-hidden=\"true\" class=\"wp-block-spacer\"><\/div>\n\n\n\n<h2 class=\"wp-block-heading\">S\u0131k\u00e7a sorulan sorular<\/h2>\n\n\n\n<style>\n  .faq-section {\n    max-width: 800px;\n    margin: 0;\n    padding: 10px 20px 40px;\n    font-family: Arial, sans-serif;\n  }\n\n  .faq-item {\n    background-color: #2ac2e0;\n    color: white;\n    margin-bottom: 10px;\n    border-radius: 5px;\n    overflow: hidden;\n  }\n\n  .faq-question {\n    padding: 15px 20px;\n    cursor: pointer;\n    position: relative;\n    font-weight: bold;\n    text-align: left;\n    font-size: 1rem;\n  }\n\n  .faq-question::after {\n    content: '+';\n    font-size: 1.5rem;\n    position: absolute;\n    right: 20px;\n    top: 12px;\n    transition: transform 0.3s ease;\n  }\n\n  .faq-item.active .faq-question::after {\n    transform: rotate(45deg);\n  }\n\n  .faq-answer {\n    max-height: 0;\n    overflow: hidden;\n    background-color: #f2f2f2;\n    color: #333;\n    padding: 0 20px;\n    transition: max-height 0.3s ease, padding 0.3s ease;\n    font-size: 0.95rem;\n  }\n\n  .faq-item.active .faq-answer {\n    max-height: 500px;\n    padding: 15px 20px;\n  }\n\n  @media (max-width: 600px) {\n    .faq-section {\n      padding: 10px 15px 30px;\n    }\n\n    .faq-question {\n      font-size: 1rem;\n      padding: 12px 16px;\n    }\n\n    .faq-answer {\n      font-size: 0.95rem;\n      padding: 0 16px;\n    }\n\n    .faq-item.active .faq-answer {\n      padding: 12px 16px;\n    }\n\n    .faq-question::after {\n      right: 16px;\n      top: 10px;\n    }\n  }\n<\/style>\n\n<section class=\"faq-section\">\n  <div class=\"faq-item\">\n    <div class=\"faq-question\">Vidizzy G\u00f6r\u00fcnt\u00fcl\u00fc Sohbet nedir?<\/div>\n    <div class=\"faq-answer\">Vidizzy, d\u00fcnyan\u0131n d\u00f6rt bir yan\u0131ndaki yabanc\u0131larla sohbet etmek i\u00e7in \u00fccretsiz kamera sunan taray\u0131c\u0131 tabanl\u0131 bir platformdur. Spontane, g\u00fcvenli ve e\u011flenceli \u00e7evrimi\u00e7i g\u00f6r\u00fcnt\u00fcl\u00fc konu\u015fmalar i\u00e7in tasarlanm\u0131\u015ft\u0131r - kay\u0131t gerekmez.<\/div>\n  <\/div>\n\n  <div class=\"faq-item\">\n    <div class=\"faq-question\">Vidizzy'yi kullanmak ger\u00e7ekten \u00fccretsiz mi?<\/div>\n    <div class=\"faq-answer\">Evet! \u0130ndirme olmadan s\u0131n\u0131rs\u0131z kameral\u0131 sohbetin keyfini \u00fccretsiz \u00e7\u0131karabilirsiniz. Daha fazla \u00f6zellik i\u00e7in istedi\u011finiz zaman premium plana y\u00fckseltin.<\/div>\n  <\/div>\n\n  <div class=\"faq-item\">\n    <div class=\"faq-question\">Sohbet ederken gizlili\u011fimi nas\u0131l koruyabilirim?<\/div>\n    <div class=\"faq-answer\">Vidizzy, sohbetlerinizi g\u00fcvenli ve gizli tutmak i\u00e7in u\u00e7tan uca \u015fifreleme, anonim sohbet se\u00e7enekleri ve moderasyon ara\u00e7lar\u0131 kullan\u0131r. Hi\u00e7bir ki\u015fisel bilgi gerekmez.<\/div>\n  <\/div>\n\n  <div class=\"faq-item\">\n    <div class=\"faq-question\">Kiminle ba\u011flant\u0131 kuraca\u011f\u0131m\u0131 se\u00e7ebilir miyim?<\/div>\n    <div class=\"faq-answer\">Kesinlikle. Ak\u0131ll\u0131 filtreler sayesinde dil, b\u00f6lge veya ilgi alanlar\u0131na g\u00f6re sohbet edebilir, b\u00f6ylece <strong>\u00fccretsiz kameral\u0131 sohbet<\/strong> deneyimi daha alakal\u0131 ve e\u011flenceli hale getirir.<\/div>\n  <\/div>\n\n  <div class=\"faq-item\">\n    <div class=\"faq-question\">Vidizzy'yi di\u011fer rastgele sohbet sitelerinden farkl\u0131 k\u0131lan nedir?<\/div>\n    <div class=\"faq-answer\">Di\u011fer bir\u00e7ok sitenin aksine, Vidizzy sorunsuz ak\u0131\u015f sunar, <strong>kamerada \u00fccretsiz sohbet<\/strong>ve yava\u015f ba\u011flant\u0131larda bile \u00e7al\u0131\u015fan gizlilik \u00f6ncelikli bir tasar\u0131m.<\/div>\n  <\/div>\n\n  <div class=\"faq-item\">\n    <div class=\"faq-question\">Bir \u015fey indirmem gerekiyor mu?<\/div>\n    <div class=\"faq-answer\">Hay\u0131r! Vidizzy tamamen taray\u0131c\u0131 tabanl\u0131d\u0131r, kurulum gerektirmez. Masa\u00fcst\u00fc, tablet ve mobil cihazlarda \u00e7al\u0131\u015f\u0131r.<\/div>\n  <\/div>\n<\/section>\n\n<script>\n  document.querySelectorAll('.faq-question').forEach(item => {\n    item.addEventListener('click', () => {\n      const parent = item.parentElement;\n      parent.classList.toggle('active');\n    });\n  });\n<\/script>\n\n\n\n<p><\/p>","protected":false},"excerpt":{"rendered":"<p>Welcome to Vidizzy: The Future of Online Video Chat Looking for a fun, safe, and exciting way to connect with people worldwide?&nbsp;With us, you can enjoy spontaneous cam-to-cam conversations through fast, secure, and private video chat directly from your browser. Just click and start chatting! Why Choose Vidizzy? It stands out for its unique combination [&hellip;]<\/p>","protected":false},"author":3,"featured_media":0,"parent":0,"menu_order":0,"comment_status":"closed","ping_status":"closed","template":"start-chat-style-template.php","meta":{"_acf_changed":false,"footnotes":""},"class_list":["post-134","page","type-page","status-publish","hentry"],"acf":[],"yoast_head":"<!-- This site is optimized with the Yoast SEO plugin v26.7 - https:\/\/yoast.com\/wordpress\/plugins\/seo\/ -->\n<title>Vidizzy - Omegle alternative site for Random Video Chat<\/title>\n<meta name=\"description\" content=\"Chat instantly with strangers worldwide on Vidizzy. No sign-ups. Enjoy free cam chats and HD video with smart filters and no downloads.\" \/>\n<meta name=\"robots\" content=\"index, follow, max-snippet:-1, max-image-preview:large, max-video-preview:-1\" \/>\n<link rel=\"canonical\" href=\"https:\/\/vidizzy.chat\/tr\/\" \/>\n<meta property=\"og:locale\" content=\"tr_TR\" \/>\n<meta property=\"og:type\" content=\"article\" \/>\n<meta property=\"og:title\" content=\"Vidizzy - Omegle alternative site for Random Video Chat\" \/>\n<meta property=\"og:description\" content=\"Chat instantly with strangers worldwide on Vidizzy. No sign-ups. Enjoy free cam chats and HD video with smart filters and no downloads.\" \/>\n<meta property=\"og:url\" content=\"https:\/\/vidizzy.chat\/tr\/\" \/>\n<meta property=\"og:site_name\" content=\"Vidizzy\" \/>\n<meta property=\"article:modified_time\" content=\"2026-02-23T13:51:39+00:00\" \/>\n<meta property=\"og:image\" content=\"https:\/\/vidizzy.chat\/wp-content\/uploads\/2023\/03\/AdobeStock_484873483.webp\" \/>\n\t<meta property=\"og:image:width\" content=\"2560\" \/>\n\t<meta property=\"og:image:height\" content=\"1707\" \/>\n\t<meta property=\"og:image:type\" content=\"image\/webp\" \/>\n<meta name=\"twitter:card\" content=\"summary_large_image\" \/>\n<meta name=\"twitter:label1\" content=\"Tahmini okuma s\u00fcresi\" \/>\n\t<meta name=\"twitter:data1\" content=\"3 dakika\" \/>\n<script type=\"application\/ld+json\" class=\"yoast-schema-graph\">{\"@context\":\"https:\/\/schema.org\",\"@graph\":[{\"@type\":\"WebPage\",\"@id\":\"https:\/\/vidizzy.chat\/\",\"url\":\"https:\/\/vidizzy.chat\/\",\"name\":\"Vidizzy - Omegle alternative site for Random Video Chat\",\"isPartOf\":{\"@id\":\"https:\/\/vidizzy.chat\/#website\"},\"primaryImageOfPage\":{\"@id\":\"https:\/\/vidizzy.chat\/#primaryimage\"},\"image\":{\"@id\":\"https:\/\/vidizzy.chat\/#primaryimage\"},\"thumbnailUrl\":\"https:\/\/vidizzy.chat\/wp-content\/uploads\/2023\/03\/AdobeStock_484873483.webp\",\"datePublished\":\"2023-03-14T10:40:01+00:00\",\"dateModified\":\"2026-02-23T13:51:39+00:00\",\"description\":\"Chat instantly with strangers worldwide on Vidizzy. No sign-ups. Enjoy free cam chats and HD video with smart filters and no downloads.\",\"breadcrumb\":{\"@id\":\"https:\/\/vidizzy.chat\/#breadcrumb\"},\"inLanguage\":\"tr\",\"potentialAction\":[{\"@type\":\"ReadAction\",\"target\":[\"https:\/\/vidizzy.chat\/\"]}]},{\"@type\":\"ImageObject\",\"inLanguage\":\"tr\",\"@id\":\"https:\/\/vidizzy.chat\/#primaryimage\",\"url\":\"https:\/\/vidizzy.chat\/wp-content\/uploads\/2023\/03\/AdobeStock_484873483.webp\",\"contentUrl\":\"https:\/\/vidizzy.chat\/wp-content\/uploads\/2023\/03\/AdobeStock_484873483.webp\"},{\"@type\":\"BreadcrumbList\",\"@id\":\"https:\/\/vidizzy.chat\/#breadcrumb\",\"itemListElement\":[{\"@type\":\"ListItem\",\"position\":1,\"name\":\"Home\",\"item\":\"https:\/\/vidizzy.chat\/\"},{\"@type\":\"ListItem\",\"position\":2,\"name\":\"Home\"}]},{\"@type\":\"WebSite\",\"@id\":\"https:\/\/vidizzy.chat\/#website\",\"url\":\"https:\/\/vidizzy.chat\/\",\"name\":\"Vidizzy\",\"description\":\"\",\"potentialAction\":[{\"@type\":\"SearchAction\",\"target\":{\"@type\":\"EntryPoint\",\"urlTemplate\":\"https:\/\/vidizzy.chat\/?s={search_term_string}\"},\"query-input\":{\"@type\":\"PropertyValueSpecification\",\"valueRequired\":true,\"valueName\":\"search_term_string\"}}],\"inLanguage\":\"tr\"}]}<\/script>\n<!-- \/ Yoast SEO plugin. -->","yoast_head_json":{"title":"Vidizzy - Rastgele G\u00f6r\u00fcnt\u00fcl\u00fc Sohbet i\u00e7in Omegle alternatif sitesi","description":"Vidizzy'de d\u00fcnya \u00e7ap\u0131ndaki yabanc\u0131larla an\u0131nda sohbet edin. Kay\u0131t yok. Ak\u0131ll\u0131 filtreler ve indirme olmadan \u00fccretsiz kameral\u0131 sohbetlerin ve HD videolar\u0131n keyfini \u00e7\u0131kar\u0131n.","robots":{"index":"index","follow":"follow","max-snippet":"max-snippet:-1","max-image-preview":"max-image-preview:large","max-video-preview":"max-video-preview:-1"},"canonical":"https:\/\/vidizzy.chat\/tr\/","og_locale":"tr_TR","og_type":"article","og_title":"Vidizzy - Omegle alternative site for Random Video Chat","og_description":"Chat instantly with strangers worldwide on Vidizzy. No sign-ups. Enjoy free cam chats and HD video with smart filters and no downloads.","og_url":"https:\/\/vidizzy.chat\/tr\/","og_site_name":"Vidizzy","article_modified_time":"2026-02-23T13:51:39+00:00","og_image":[{"width":2560,"height":1707,"url":"https:\/\/vidizzy.chat\/wp-content\/uploads\/2023\/03\/AdobeStock_484873483.webp","type":"image\/webp"}],"twitter_card":"summary_large_image","twitter_misc":{"Tahmini okuma s\u00fcresi":"3 dakika"},"schema":{"@context":"https:\/\/schema.org","@graph":[{"@type":"WebPage","@id":"https:\/\/vidizzy.chat\/","url":"https:\/\/vidizzy.chat\/","name":"Vidizzy - Rastgele G\u00f6r\u00fcnt\u00fcl\u00fc Sohbet i\u00e7in Omegle alternatif sitesi","isPartOf":{"@id":"https:\/\/vidizzy.chat\/#website"},"primaryImageOfPage":{"@id":"https:\/\/vidizzy.chat\/#primaryimage"},"image":{"@id":"https:\/\/vidizzy.chat\/#primaryimage"},"thumbnailUrl":"https:\/\/vidizzy.chat\/wp-content\/uploads\/2023\/03\/AdobeStock_484873483.webp","datePublished":"2023-03-14T10:40:01+00:00","dateModified":"2026-02-23T13:51:39+00:00","description":"Vidizzy'de d\u00fcnya \u00e7ap\u0131ndaki yabanc\u0131larla an\u0131nda sohbet edin. Kay\u0131t yok. Ak\u0131ll\u0131 filtreler ve indirme olmadan \u00fccretsiz kameral\u0131 sohbetlerin ve HD videolar\u0131n keyfini \u00e7\u0131kar\u0131n.","breadcrumb":{"@id":"https:\/\/vidizzy.chat\/#breadcrumb"},"inLanguage":"tr","potentialAction":[{"@type":"ReadAction","target":["https:\/\/vidizzy.chat\/"]}]},{"@type":"ImageObject","inLanguage":"tr","@id":"https:\/\/vidizzy.chat\/#primaryimage","url":"https:\/\/vidizzy.chat\/wp-content\/uploads\/2023\/03\/AdobeStock_484873483.webp","contentUrl":"https:\/\/vidizzy.chat\/wp-content\/uploads\/2023\/03\/AdobeStock_484873483.webp"},{"@type":"BreadcrumbList","@id":"https:\/\/vidizzy.chat\/#breadcrumb","itemListElement":[{"@type":"ListItem","position":1,"name":"Home","item":"https:\/\/vidizzy.chat\/"},{"@type":"ListItem","position":2,"name":"Home"}]},{"@type":"WebSite","@id":"https:\/\/vidizzy.chat\/#website","url":"https:\/\/vidizzy.chat\/","name":"G\u00f6z kama\u015ft\u0131r\u0131c\u0131","description":"","potentialAction":[{"@type":"SearchAction","target":{"@type":"EntryPoint","urlTemplate":"https:\/\/vidizzy.chat\/?s={search_term_string}"},"query-input":{"@type":"PropertyValueSpecification","valueRequired":true,"valueName":"search_term_string"}}],"inLanguage":"tr"}]}},"_links":{"self":[{"href":"https:\/\/vidizzy.chat\/tr\/wp-json\/wp\/v2\/pages\/134","targetHints":{"allow":["GET"]}}],"collection":[{"href":"https:\/\/vidizzy.chat\/tr\/wp-json\/wp\/v2\/pages"}],"about":[{"href":"https:\/\/vidizzy.chat\/tr\/wp-json\/wp\/v2\/types\/page"}],"author":[{"embeddable":true,"href":"https:\/\/vidizzy.chat\/tr\/wp-json\/wp\/v2\/users\/3"}],"replies":[{"embeddable":true,"href":"https:\/\/vidizzy.chat\/tr\/wp-json\/wp\/v2\/comments?post=134"}],"version-history":[{"count":33,"href":"https:\/\/vidizzy.chat\/tr\/wp-json\/wp\/v2\/pages\/134\/revisions"}],"predecessor-version":[{"id":918,"href":"https:\/\/vidizzy.chat\/tr\/wp-json\/wp\/v2\/pages\/134\/revisions\/918"}],"wp:attachment":[{"href":"https:\/\/vidizzy.chat\/tr\/wp-json\/wp\/v2\/media?parent=134"}],"curies":[{"name":"wp","href":"https:\/\/api.w.org\/{rel}","templated":true}]}}