{"id":134,"date":"2023-03-14T10:40:01","date_gmt":"2023-03-14T10:40:01","guid":{"rendered":"https:\/\/export.mercurytheme.com\/013\/?page_id=134"},"modified":"2026-02-23T13:51:39","modified_gmt":"2026-02-23T13:51:39","slug":"omegle-alternative-site","status":"publish","type":"page","link":"https:\/\/vidizzy.chat\/nl\/","title":{"rendered":"Thuis"},"content":{"rendered":"<header class=\"wp-block-cover is-light\"><img loading=\"lazy\" decoding=\"async\" width=\"2560\" height=\"1707\" class=\"wp-block-cover__image-background wp-image-24 size-full\" alt=\"Groep mensen die samen plezier hebben met Vidizzy videochat. \" src=\"https:\/\/vidizzy.chat\/wp-content\/uploads\/2023\/03\/AdobeStock_484873483.webp\" style=\"object-position:50% 65%\" data-object-fit=\"cover\" data-object-position=\"50% 65%\" srcset=\"https:\/\/vidizzy.chat\/wp-content\/uploads\/2023\/03\/AdobeStock_484873483.webp 2560w, https:\/\/vidizzy.chat\/wp-content\/uploads\/2023\/03\/AdobeStock_484873483-300x200.webp 300w, https:\/\/vidizzy.chat\/wp-content\/uploads\/2023\/03\/AdobeStock_484873483-1024x683.webp 1024w, https:\/\/vidizzy.chat\/wp-content\/uploads\/2023\/03\/AdobeStock_484873483-768x512.webp 768w, https:\/\/vidizzy.chat\/wp-content\/uploads\/2023\/03\/AdobeStock_484873483-1536x1024.webp 1536w, https:\/\/vidizzy.chat\/wp-content\/uploads\/2023\/03\/AdobeStock_484873483-2048x1366.webp 2048w, https:\/\/vidizzy.chat\/wp-content\/uploads\/2023\/03\/AdobeStock_484873483-60x40.webp 60w, https:\/\/vidizzy.chat\/wp-content\/uploads\/2023\/03\/AdobeStock_484873483-48x32.webp 48w, https:\/\/vidizzy.chat\/wp-content\/uploads\/2023\/03\/AdobeStock_484873483-105x70.webp 105w, https:\/\/vidizzy.chat\/wp-content\/uploads\/2023\/03\/AdobeStock_484873483-120x80.webp 120w, https:\/\/vidizzy.chat\/wp-content\/uploads\/2023\/03\/AdobeStock_484873483-202x135.webp 202w\" sizes=\"auto, (max-width: 2560px) 100vw, 2560px\" \/><span aria-hidden=\"true\" class=\"wp-block-cover__background has-background-dim\" style=\"background-color:#b2a3a1\"><\/span><div class=\"wp-block-cover__inner-container is-layout-constrained wp-block-cover-is-layout-constrained\">\n<h2 class=\"wp-block-heading has-text-align-center has-mercury-peter-river-color has-text-color has-link-color wp-elements-0057490c8d62941ab8091d63f8a669db\" style=\"font-size:44px;font-style:italic;font-weight:600\"><strong>DE BESTE WILLEKEURIGE CHATSITE VOOR VOLWASSENEN<\/strong><\/h2>\n\n\n\n<p class=\"has-text-align-center has-mercury-white-color has-text-color has-link-color has-medium-font-size wp-elements-795299d8b0dd385ff8ae8a0e5ceb217f\">Chat online met willekeurige vreemden op Vidizzy \u2013 veilig, direct en zonder je aan te melden.<\/p>\n\n\n\n<div class=\"wp-block-buttons is-content-justification-center is-layout-flex wp-container-core-buttons-is-layout-16018d1d wp-block-buttons-is-layout-flex\">\n<div class=\"wp-block-button is-style-fill\"><a class=\"wp-block-button__link has-mercury-white-color has-vivid-cyan-blue-to-vivid-purple-gradient-background has-text-color has-background has-link-color has-text-align-center wp-element-button\" href=\"https:\/\/vidizzy.chat\/ff\/\">Begin hier<\/a><\/div>\n<\/div>\n<\/div><\/header>\n\n\n\n<div class=\"wp-block-group is-vertical is-content-justification-center is-layout-flex wp-container-core-group-is-layout-4b2eccd6 wp-block-group-is-layout-flex\">\n<h1 class=\"wp-block-heading has-text-align-center has-mercury-gray-color has-text-color has-link-color wp-elements-701e5ed66b1478c476adfcb36d2a2395\" style=\"font-size:32px\">Welkom bij Vidizzy: de toekomst van online videochatten<\/h1>\n<\/div>\n\n\n\n<div class=\"wp-block-group is-layout-grid wp-container-core-group-is-layout-8d2db683 wp-block-group-is-layout-grid\">\n<p class=\"has-text-align-center has-mercury-gray-color has-text-color has-link-color wp-elements-8c67e267dcd0368fe68cc8ac8e2d6108\">Op zoek naar een leuke, veilige en spannende manier om in contact te komen met mensen over de hele wereld? Bij ons kun je genieten van spontane cam-to-cam-gesprekken via snelle, veilige en priv\u00e9 videochat, rechtstreeks vanuit je browser. Klik gewoon en begin met chatten!<br><\/p>\n<\/div>\n\n\n\n<div style=\"height:30px\" aria-hidden=\"true\" class=\"wp-block-spacer\"><\/div>\n\n\n<div class=\"wp-block-image is-style-default\">\n<figure class=\"aligncenter size-medium is-resized\"><img loading=\"lazy\" decoding=\"async\" width=\"300\" height=\"263\" src=\"https:\/\/vidizzy.chat\/wp-content\/uploads\/2023\/03\/home-icon-2-300x263.png\" alt=\"\" class=\"wp-image-27\" style=\"object-fit:cover;width:229px;height:200px\" srcset=\"https:\/\/vidizzy.chat\/wp-content\/uploads\/2023\/03\/home-icon-2-300x263.png 300w, https:\/\/vidizzy.chat\/wp-content\/uploads\/2023\/03\/home-icon-2-46x40.png 46w, https:\/\/vidizzy.chat\/wp-content\/uploads\/2023\/03\/home-icon-2-36x32.png 36w, https:\/\/vidizzy.chat\/wp-content\/uploads\/2023\/03\/home-icon-2-80x70.png 80w, https:\/\/vidizzy.chat\/wp-content\/uploads\/2023\/03\/home-icon-2-91x80.png 91w, https:\/\/vidizzy.chat\/wp-content\/uploads\/2023\/03\/home-icon-2-154x135.png 154w, https:\/\/vidizzy.chat\/wp-content\/uploads\/2023\/03\/home-icon-2.png 342w\" sizes=\"auto, (max-width: 300px) 100vw, 300px\" \/><\/figure>\n<\/div>\n\n\n<div style=\"height:30px\" aria-hidden=\"true\" class=\"wp-block-spacer\"><\/div>\n\n\n\n<h2 class=\"wp-block-heading\">Waarom kiezen voor Vidizzy?<\/h2>\n\n\n\n<p>Het onderscheidt zich door zijn unieke combinatie van functies die uw virtuele interacties verbeteren. Het vereenvoudigt wereldwijde communicatie en zorgt tegelijkertijd voor een veilige, naadloze en gepersonaliseerde ervaring.<\/p>\n\n\n\n<p style=\"font-size:16px\">\ud83c\udf0d<strong>Wereldwijde toegankelijkheid<\/strong>: Gereksiz k\u0131s\u0131tlamalar olmadan d\u00fcnya \u00e7ap\u0131ndaki kullan\u0131c\u0131larla ba\u011flant\u0131 kurun. Konum ve dil filtreleri sayesinde, tercihlerinize uygun sohbetleri ke\u015ffedebilirsiniz.<\/p>\n\n\n\n<p style=\"font-size:16px\">\ud83c\udfa8<strong>\u00d6zelle\u015ftirilebilir se\u00e7enekler<\/strong>: Ak\u0131ll\u0131 e\u015fle\u015ftirme se\u00e7eneklerini kullanarak sizinle ayn\u0131 frekansta olan ki\u015filerle ba\u011flant\u0131 kurun.<\/p>\n\n\n\n<p style=\"font-size:16px\">\u270d\ufe0f <strong>Kay\u0131t gerekmezKay\u0131t gerekmez<\/strong>: Kamera ile an\u0131nda \u00fccretsiz sohbet edin. \u0130sterseniz e-posta adresinizi kullanman\u0131za gerek yoktur.<\/p>\n\n\n\n<h2 class=\"wp-block-heading\">Vidizzy \u00d6zellikleri<\/h2>\n\n\n\n<p>Sorunsuz ve \u00f6zelle\u015ftirilebilir yeti\u015fkin video sohbet deneyiminin keyfini \u00e7\u0131kar\u0131n:<\/p>\n\n\n\n<p>\ud83d\udd12 <strong>\u00d6zel ve G\u00fcvenli<\/strong> \u2013 U\u00e7tan uca \u015fifreleme ve anonim sohbet<\/p>\n\n\n\n<p>\ud83c\udfa5 <strong>HD Video ve Net Ses<\/strong> \u2013 D\u00fc\u015f\u00fck bant geni\u015fli\u011finde bile sorunsuz ileti\u015fim<\/p>\n\n\n\n<p>\u2699\ufe0f <strong>Kayd\u0131r ve e\u015fle\u015ftir<\/strong> \u2013 Sohbet etti\u011finiz ki\u015fiyi be\u011fenmediniz mi? Bir sonrakine ge\u00e7in.<\/p>\n\n\n\n<p>\ud83d\udeab <strong>Hulpmiddelen voor moderatie<\/strong> \u2013 Kullan\u0131c\u0131lar\u0131 an\u0131nda engelleyin veya bildirin<\/p>\n\n\n\n<p>\ud83d\udcf1 <strong>Taray\u0131c\u0131 Tabanl\u0131<\/strong> \u2013 \u0130ndirme gerekmez. Masa\u00fcst\u00fc, tablet ve mobil cihazlarda \u00e7al\u0131\u015f\u0131r.<\/p>\n\n\n\n<h2 class=\"wp-block-heading\">Vidizzy Nas\u0131l Kullan\u0131l\u0131r?<\/h2>\n\n\n\n<p>\u00dccretsiz kamera sohbet deneyiminizi ba\u015flatmak sadece birka\u00e7 saniye s\u00fcrer:<\/p>\n\n\n\n<ol class=\"wp-block-list\">\n<li><strong>Vidizzy.chat'e git<\/strong>\u2013 Uygulama veya kurulum gerekmez.<\/li>\n\n\n\n<li><strong>Kamera ve Mikrofon \u0130zni<\/strong> \u2013 Y\u00fcksek kaliteli video ve ses sa\u011flay\u0131n<\/li>\n\n\n\n<li><strong>Tercihlerinizi Ayarlay\u0131n<\/strong> \u2013 Daha iyi ba\u011flant\u0131lar i\u00e7in filtreleri \u00f6zelle\u015ftirin<\/li>\n\n\n\n<li><strong>Sohbete ba\u015flay\u0131n!<\/strong> \u2013 An\u0131nda yeni biriyle tan\u0131\u015f\u0131n<\/li>\n<\/ol>\n\n\n\n<p class=\"has-medium-font-size\"><strong>\u00dccretsiz g\u00f6r\u00fcnt\u00fcl\u00fc sohbet ba\u015flatmaya haz\u0131r m\u0131s\u0131n\u0131z?<\/strong><\/p>\n\n\n\n<p>Binlerce ki\u015fiye kat\u0131l\u0131n ve ba\u011flant\u0131 kurun \u2013 kamera \u00fczerinden \u00fccretsiz sohbet edin, kay\u0131t gerekmez, stres yok. Sadece ger\u00e7ek sohbetler, sizin tarz\u0131n\u0131zda.<\/p>\n\n\n\n<div class=\"wp-block-buttons is-content-justification-center is-layout-flex wp-container-core-buttons-is-layout-16018d1d wp-block-buttons-is-layout-flex\">\n<div class=\"wp-block-button is-style-fill\"><a class=\"wp-block-button__link has-mercury-white-color has-vivid-cyan-blue-to-vivid-purple-gradient-background has-text-color has-background has-link-color has-text-align-center wp-element-button\" href=\"https:\/\/vidizzy.chat\/nl\/iwy\/\">Hemen Sohbete Ba\u015flay\u0131n<\/a><\/div>\n<\/div>\n\n\n\n<div style=\"height:30px\" aria-hidden=\"true\" class=\"wp-block-spacer\"><\/div>\n\n\n\n<h2 class=\"wp-block-heading\">Veelgestelde vragen<\/h2>\n\n\n\n<style>\n  .faq-section {\n    max-width: 800px;\n    margin: 0;\n    padding: 10px 20px 40px;\n    font-family: Arial, sans-serif;\n  }\n\n  .faq-item {\n    background-color: #2ac2e0;\n    color: white;\n    margin-bottom: 10px;\n    border-radius: 5px;\n    overflow: hidden;\n  }\n\n  .faq-question {\n    padding: 15px 20px;\n    cursor: pointer;\n    position: relative;\n    font-weight: bold;\n    text-align: left;\n    font-size: 1rem;\n  }\n\n  .faq-question::after {\n    content: '+';\n    font-size: 1.5rem;\n    position: absolute;\n    right: 20px;\n    top: 12px;\n    transition: transform 0.3s ease;\n  }\n\n  .faq-item.active .faq-question::after {\n    transform: rotate(45deg);\n  }\n\n  .faq-answer {\n    max-height: 0;\n    overflow: hidden;\n    background-color: #f2f2f2;\n    color: #333;\n    padding: 0 20px;\n    transition: max-height 0.3s ease, padding 0.3s ease;\n    font-size: 0.95rem;\n  }\n\n  .faq-item.active .faq-answer {\n    max-height: 500px;\n    padding: 15px 20px;\n  }\n\n  @media (max-width: 600px) {\n    .faq-section {\n      padding: 10px 15px 30px;\n    }\n\n    .faq-question {\n      font-size: 1rem;\n      padding: 12px 16px;\n    }\n\n    .faq-answer {\n      font-size: 0.95rem;\n      padding: 0 16px;\n    }\n\n    .faq-item.active .faq-answer {\n      padding: 12px 16px;\n    }\n\n    .faq-question::after {\n      right: 16px;\n      top: 10px;\n    }\n  }\n<\/style>\n\n<section class=\"faq-section\">\n  <div class=\"faq-item\">\n    <div class=\"faq-question\">Vidizzy Video Sohbet nedir?<\/div>\n    <div class=\"faq-answer\">Vidizzy, d\u00fcnyan\u0131n her yerinden yabanc\u0131larla \u00fccretsiz g\u00f6r\u00fcnt\u00fcl\u00fc sohbet imkan\u0131 sunan taray\u0131c\u0131 tabanl\u0131 bir platformdur. Spontane, g\u00fcvenli ve e\u011flenceli \u00e7evrimi\u00e7i g\u00f6r\u00fcnt\u00fcl\u00fc sohbetler i\u00e7in tasarlanm\u0131\u015ft\u0131r ve kay\u0131t gerekmez.<\/div>\n  <\/div>\n\n  <div class=\"faq-item\">\n    <div class=\"faq-question\">Vidizzy ger\u00e7ekten \u00fccretsiz mi?<\/div>\n    <div class=\"faq-answer\">Evet! \u0130ndirme yapmadan s\u0131n\u0131rs\u0131z kamera sohbetinin keyfini \u00fccretsiz olarak \u00e7\u0131karabilirsiniz. Daha fazla \u00f6zellik i\u00e7in istedi\u011finiz zaman premium plana ge\u00e7ebilirsiniz.<\/div>\n  <\/div>\n\n  <div class=\"faq-item\">\n    <div class=\"faq-question\">Sohbet ederken gizlili\u011fimi nas\u0131l koruyabilirim?<\/div>\n    <div class=\"faq-answer\">Vidizzy, sohbetlerinizi g\u00fcvenli ve gizli tutmak i\u00e7in u\u00e7tan uca \u015fifreleme, anonim sohbet se\u00e7enekleri ve moderasyon ara\u00e7lar\u0131 kullan\u0131r. Ki\u015fisel bilgi gerekmez.<\/div>\n  <\/div>\n\n  <div class=\"faq-item\">\n    <div class=\"faq-question\">Ba\u011flanaca\u011f\u0131m ki\u015fiyi se\u00e7ebilir miyim?<\/div>\n    <div class=\"faq-answer\">Kesinlikle. Ak\u0131ll\u0131 filtreler sayesinde dil, b\u00f6lge veya ilgi alanlar\u0131na g\u00f6re sohbet edebilirsiniz, b\u00f6ylece <strong>\u00fccretsiz kamera sohbeti<\/strong> daha alakal\u0131 ve e\u011flenceli bir deneyim ya\u015fay\u0131n.<\/div>\n  <\/div>\n\n  <div class=\"faq-item\">\n    <div class=\"faq-question\">Vidizzy'yi di\u011fer rastgele sohbet sitelerinden ay\u0131ran nedir?<\/div>\n    <div class=\"faq-answer\">Di\u011fer bir\u00e7ok siteden farkl\u0131 olarak, Vidizzy sorunsuz bir ak\u0131\u015f sunar. <strong>kamera \u00fczerinden \u00fccretsiz sohbet<\/strong>ve yava\u015f ba\u011flant\u0131larda bile \u00e7al\u0131\u015fan gizlilik \u00f6ncelikli tasar\u0131m.<\/div>\n  <\/div>\n\n  <div class=\"faq-item\">\n    <div class=\"faq-question\">Herhangi bir \u015fey indirmem gerekiyor mu?<\/div>\n    <div class=\"faq-answer\">Hay\u0131r! Vidizzy tamamen taray\u0131c\u0131 tabanl\u0131d\u0131r, kurulum gerektirmez. Masa\u00fcst\u00fc bilgisayarlar, tabletler ve mobil cihazlarda \u00e7al\u0131\u015f\u0131r.<\/div>\n  <\/div>\n<\/section>\n\n<script>\n  document.querySelectorAll('.faq-question').forEach(item => {\n    item.addEventListener('click', () => {\n      const parent = item.parentElement;\n      parent.classList.toggle('active');\n    });\n  });\n<\/script>\n\n\n\n<p><\/p>","protected":false},"excerpt":{"rendered":"<p>Welcome to Vidizzy: The Future of Online Video Chat Looking for a fun, safe, and exciting way to connect with people worldwide?&nbsp;With us, you can enjoy spontaneous cam-to-cam conversations through fast, secure, and private video chat directly from your browser. Just click and start chatting! Why Choose Vidizzy? It stands out for its unique combination [&hellip;]<\/p>","protected":false},"author":3,"featured_media":0,"parent":0,"menu_order":0,"comment_status":"closed","ping_status":"closed","template":"start-chat-style-template.php","meta":{"_acf_changed":false,"footnotes":""},"class_list":["post-134","page","type-page","status-publish","hentry"],"acf":[],"yoast_head":"<!-- This site is optimized with the Yoast SEO plugin v26.7 - https:\/\/yoast.com\/wordpress\/plugins\/seo\/ -->\n<title>Vidizzy - Omegle alternative site for Random Video Chat<\/title>\n<meta name=\"description\" content=\"Chat instantly with strangers worldwide on Vidizzy. No sign-ups. Enjoy free cam chats and HD video with smart filters and no downloads.\" \/>\n<meta name=\"robots\" content=\"index, follow, max-snippet:-1, max-image-preview:large, max-video-preview:-1\" \/>\n<link rel=\"canonical\" href=\"https:\/\/vidizzy.chat\/nl\/\" \/>\n<meta property=\"og:locale\" content=\"nl_NL\" \/>\n<meta property=\"og:type\" content=\"article\" \/>\n<meta property=\"og:title\" content=\"Vidizzy - Omegle alternative site for Random Video Chat\" \/>\n<meta property=\"og:description\" content=\"Chat instantly with strangers worldwide on Vidizzy. No sign-ups. Enjoy free cam chats and HD video with smart filters and no downloads.\" \/>\n<meta property=\"og:url\" content=\"https:\/\/vidizzy.chat\/nl\/\" \/>\n<meta property=\"og:site_name\" content=\"Vidizzy\" \/>\n<meta property=\"article:modified_time\" content=\"2026-02-23T13:51:39+00:00\" \/>\n<meta property=\"og:image\" content=\"https:\/\/vidizzy.chat\/wp-content\/uploads\/2023\/03\/AdobeStock_484873483.webp\" \/>\n\t<meta property=\"og:image:width\" content=\"2560\" \/>\n\t<meta property=\"og:image:height\" content=\"1707\" \/>\n\t<meta property=\"og:image:type\" content=\"image\/webp\" \/>\n<meta name=\"twitter:card\" content=\"summary_large_image\" \/>\n<meta name=\"twitter:label1\" content=\"Geschatte leestijd\" \/>\n\t<meta name=\"twitter:data1\" content=\"3 minuten\" \/>\n<script type=\"application\/ld+json\" class=\"yoast-schema-graph\">{\"@context\":\"https:\/\/schema.org\",\"@graph\":[{\"@type\":\"WebPage\",\"@id\":\"https:\/\/vidizzy.chat\/\",\"url\":\"https:\/\/vidizzy.chat\/\",\"name\":\"Vidizzy - Omegle alternative site for Random Video Chat\",\"isPartOf\":{\"@id\":\"https:\/\/vidizzy.chat\/#website\"},\"primaryImageOfPage\":{\"@id\":\"https:\/\/vidizzy.chat\/#primaryimage\"},\"image\":{\"@id\":\"https:\/\/vidizzy.chat\/#primaryimage\"},\"thumbnailUrl\":\"https:\/\/vidizzy.chat\/wp-content\/uploads\/2023\/03\/AdobeStock_484873483.webp\",\"datePublished\":\"2023-03-14T10:40:01+00:00\",\"dateModified\":\"2026-02-23T13:51:39+00:00\",\"description\":\"Chat instantly with strangers worldwide on Vidizzy. No sign-ups. Enjoy free cam chats and HD video with smart filters and no downloads.\",\"breadcrumb\":{\"@id\":\"https:\/\/vidizzy.chat\/#breadcrumb\"},\"inLanguage\":\"nl-NL\",\"potentialAction\":[{\"@type\":\"ReadAction\",\"target\":[\"https:\/\/vidizzy.chat\/\"]}]},{\"@type\":\"ImageObject\",\"inLanguage\":\"nl-NL\",\"@id\":\"https:\/\/vidizzy.chat\/#primaryimage\",\"url\":\"https:\/\/vidizzy.chat\/wp-content\/uploads\/2023\/03\/AdobeStock_484873483.webp\",\"contentUrl\":\"https:\/\/vidizzy.chat\/wp-content\/uploads\/2023\/03\/AdobeStock_484873483.webp\"},{\"@type\":\"BreadcrumbList\",\"@id\":\"https:\/\/vidizzy.chat\/#breadcrumb\",\"itemListElement\":[{\"@type\":\"ListItem\",\"position\":1,\"name\":\"Home\",\"item\":\"https:\/\/vidizzy.chat\/\"},{\"@type\":\"ListItem\",\"position\":2,\"name\":\"Home\"}]},{\"@type\":\"WebSite\",\"@id\":\"https:\/\/vidizzy.chat\/#website\",\"url\":\"https:\/\/vidizzy.chat\/\",\"name\":\"Vidizzy\",\"description\":\"\",\"potentialAction\":[{\"@type\":\"SearchAction\",\"target\":{\"@type\":\"EntryPoint\",\"urlTemplate\":\"https:\/\/vidizzy.chat\/?s={search_term_string}\"},\"query-input\":{\"@type\":\"PropertyValueSpecification\",\"valueRequired\":true,\"valueName\":\"search_term_string\"}}],\"inLanguage\":\"nl-NL\"}]}<\/script>\n<!-- \/ Yoast SEO plugin. -->","yoast_head_json":{"title":"Vidizzy - Omegle alternatieve site voor willekeurige videochat","description":"Chat direct met vreemden over de hele wereld op Vidizzy. Geen aanmeldingen. Geniet van gratis camchats en HD-video met slimme filters en zonder downloads.","robots":{"index":"index","follow":"follow","max-snippet":"max-snippet:-1","max-image-preview":"max-image-preview:large","max-video-preview":"max-video-preview:-1"},"canonical":"https:\/\/vidizzy.chat\/nl\/","og_locale":"nl_NL","og_type":"article","og_title":"Vidizzy - Omegle alternative site for Random Video Chat","og_description":"Chat instantly with strangers worldwide on Vidizzy. No sign-ups. Enjoy free cam chats and HD video with smart filters and no downloads.","og_url":"https:\/\/vidizzy.chat\/nl\/","og_site_name":"Vidizzy","article_modified_time":"2026-02-23T13:51:39+00:00","og_image":[{"width":2560,"height":1707,"url":"https:\/\/vidizzy.chat\/wp-content\/uploads\/2023\/03\/AdobeStock_484873483.webp","type":"image\/webp"}],"twitter_card":"summary_large_image","twitter_misc":{"Geschatte leestijd":"3 minuten"},"schema":{"@context":"https:\/\/schema.org","@graph":[{"@type":"WebPage","@id":"https:\/\/vidizzy.chat\/","url":"https:\/\/vidizzy.chat\/","name":"Vidizzy - Omegle alternatieve site voor willekeurige videochat","isPartOf":{"@id":"https:\/\/vidizzy.chat\/#website"},"primaryImageOfPage":{"@id":"https:\/\/vidizzy.chat\/#primaryimage"},"image":{"@id":"https:\/\/vidizzy.chat\/#primaryimage"},"thumbnailUrl":"https:\/\/vidizzy.chat\/wp-content\/uploads\/2023\/03\/AdobeStock_484873483.webp","datePublished":"2023-03-14T10:40:01+00:00","dateModified":"2026-02-23T13:51:39+00:00","description":"Chat direct met vreemden over de hele wereld op Vidizzy. Geen aanmeldingen. Geniet van gratis camchats en HD-video met slimme filters en zonder downloads.","breadcrumb":{"@id":"https:\/\/vidizzy.chat\/#breadcrumb"},"inLanguage":"nl-NL","potentialAction":[{"@type":"ReadAction","target":["https:\/\/vidizzy.chat\/"]}]},{"@type":"ImageObject","inLanguage":"nl-NL","@id":"https:\/\/vidizzy.chat\/#primaryimage","url":"https:\/\/vidizzy.chat\/wp-content\/uploads\/2023\/03\/AdobeStock_484873483.webp","contentUrl":"https:\/\/vidizzy.chat\/wp-content\/uploads\/2023\/03\/AdobeStock_484873483.webp"},{"@type":"BreadcrumbList","@id":"https:\/\/vidizzy.chat\/#breadcrumb","itemListElement":[{"@type":"ListItem","position":1,"name":"Home","item":"https:\/\/vidizzy.chat\/"},{"@type":"ListItem","position":2,"name":"Home"}]},{"@type":"WebSite","@id":"https:\/\/vidizzy.chat\/#website","url":"https:\/\/vidizzy.chat\/","name":"Vidizzy","description":"","potentialAction":[{"@type":"SearchAction","target":{"@type":"EntryPoint","urlTemplate":"https:\/\/vidizzy.chat\/?s={search_term_string}"},"query-input":{"@type":"PropertyValueSpecification","valueRequired":true,"valueName":"search_term_string"}}],"inLanguage":"nl-NL"}]}},"_links":{"self":[{"href":"https:\/\/vidizzy.chat\/nl\/wp-json\/wp\/v2\/pages\/134","targetHints":{"allow":["GET"]}}],"collection":[{"href":"https:\/\/vidizzy.chat\/nl\/wp-json\/wp\/v2\/pages"}],"about":[{"href":"https:\/\/vidizzy.chat\/nl\/wp-json\/wp\/v2\/types\/page"}],"author":[{"embeddable":true,"href":"https:\/\/vidizzy.chat\/nl\/wp-json\/wp\/v2\/users\/3"}],"replies":[{"embeddable":true,"href":"https:\/\/vidizzy.chat\/nl\/wp-json\/wp\/v2\/comments?post=134"}],"version-history":[{"count":33,"href":"https:\/\/vidizzy.chat\/nl\/wp-json\/wp\/v2\/pages\/134\/revisions"}],"predecessor-version":[{"id":918,"href":"https:\/\/vidizzy.chat\/nl\/wp-json\/wp\/v2\/pages\/134\/revisions\/918"}],"wp:attachment":[{"href":"https:\/\/vidizzy.chat\/nl\/wp-json\/wp\/v2\/media?parent=134"}],"curies":[{"name":"wp","href":"https:\/\/api.w.org\/{rel}","templated":true}]}}