{"id":149,"date":"2023-03-14T10:45:22","date_gmt":"2023-03-14T10:45:22","guid":{"rendered":"https:\/\/export.mercurytheme.com\/013\/?page_id=149"},"modified":"2025-06-26T14:37:34","modified_gmt":"2025-06-26T14:37:34","slug":"terms-and-conditions","status":"publish","type":"page","link":"https:\/\/vidizzy.chat\/it\/terms-and-conditions\/","title":{"rendered":"Termini e Condizioni"},"content":{"rendered":"<h1 class=\"wp-block-heading\"><\/h1>\n\n\n\n<p>Il presente documento, che pu\u00f2 essere indicato anche come \"Termini del servizio\", \"Termini\", \"Accordo con l'utente\" o \"Accordo\", \u00e8 un accordo legalmente vincolante tra individui, aziende e organizzazioni (Utenti) e Vidizzy.chat, gestito da Vidizzy Inc. con sede a [Indirizzo della vostra azienda], che pu\u00f2 essere indicato anche come \"Vidizzy.chat\", \"Azienda\", \"Sito web\" o \"Servizio\".<\/p>\n\n\n\n<p>I termini \"noi\", \"ci\" e \"nostro\" possono anche essere usati per riferirsi a Vidizzy.chat, mentre i termini \"voi\", \"vostro\", \"utente\" e \"visitatore\" possono essere usati per riferirsi a tutti gli utenti del Sito web. I termini \"Contenuto\" e \"Contenuti\" sono usati per riferirsi a qualsiasi materiale reso disponibile tramite il Sito web.<\/p>\n\n\n\n<p>Per accedere e utilizzare tutti i Contenuti e i servizi forniti dal Sito web, l'utente conferma di avere almeno 18 (diciotto) anni di et\u00e0 (o l'et\u00e0 legale nel proprio stato, paese o localit\u00e0 se superiore a 18).<\/p>\n\n\n\n<p>Utilizzando il nostro Sito web, l'utente accetta di rispettare i termini del presente Accordo e del nostro Regolamento. L'utente conferma inoltre di accettare di rispettare la nostra Politica sulla privacy e la nostra Politica sui rimborsi.<\/p>\n\n\n\n<hr class=\"wp-block-separator has-alpha-channel-opacity\"\/>\n\n\n\n<h2 class=\"wp-block-heading\">Accesso e utilizzo del sito web<\/h2>\n\n\n\n<p>Vi concediamo una licenza non esclusiva, non trasferibile e revocabile per l'accesso e l'utilizzo del nostro Sito web in stretta conformit\u00e0 con il presente Accordo. I diritti dell'utente ai sensi del presente Contratto non sono trasferibili o cedibili e qualsiasi trasferimento sar\u00e0 nullo.<\/p>\n\n\n\n<p>Il presente Contratto non crea alcun rapporto di agenzia, partnership, joint venture, dipendente o franchisor-franchisee tra l'utente e noi.<\/p>\n\n\n\n<p>Ci riserviamo il diritto di sospendere temporaneamente o a tempo indeterminato la funzionalit\u00e0 del nostro sito web per i seguenti motivi:<\/p>\n\n\n\n<ol class=\"wp-block-list\">\n<li>Per motivi tecnici, quali problemi con i nostri server, malfunzionamenti hardware o software, attacchi di hacker, ecc.<\/li>\n\n\n\n<li>Per eseguire aggiornamenti o manutenzione del nostro hardware o software al fine di migliorare il sito web e l'esperienza degli utenti.<\/li>\n\n\n\n<li>Per motivi legittimi, quali obiezioni relative alla privacy o a questioni legali.<\/li>\n\n\n\n<li>Se stabiliamo che il sito web non ha pi\u00f9 una redditivit\u00e0 commerciale.<\/li>\n\n\n\n<li>In caso di modifiche significative ai servizi da noi forniti.<\/li>\n<\/ol>\n\n\n\n<p>Pur adottando tutte le misure ragionevoli per garantire la continuit\u00e0 del servizio, non possiamo garantire che il sito web funzioni sempre senza interruzioni o problemi tecnici. Vidizzy.chat non \u00e8 immune da virus, attacchi di hacker, malfunzionamenti hardware\/software o altri problemi imprevisti al di fuori del nostro controllo. Non ci assumiamo alcuna responsabilit\u00e0 per eventuali danni causati da tali interruzioni.<\/p>\n\n\n\n<p>Gli utenti sono responsabili di tutti i costi associati alla loro connessione a Internet o alla connessione dati mobile quando accedono al nostro Sito. Si prega di confermare i costi di utilizzo dei dati con il proprio fornitore di servizi prima di utilizzare il nostro Sito web.<\/p>\n\n\n\n<hr class=\"wp-block-separator has-alpha-channel-opacity\"\/>\n\n\n\n<h2 class=\"wp-block-heading\">Contenuto utente<\/h2>\n\n\n\n<p>Gli utenti possono trasmettere testi, audio, video e altri contenuti (\"Contenuti dell'utente\") ad altri utenti attraverso il sito web. Rendendo disponibile il Contenuto utente attraverso Vidizzy.chat, l'utente ci concede una licenza mondiale, irrevocabile, perpetua, non esclusiva, trasferibile, esente da royalty, con il diritto di sublicenza, per utilizzare, copiare, adattare, modificare, distribuire, concedere in licenza, vendere, mostrare pubblicamente e sfruttare in altro modo tale Contenuto utente attraverso il Sito web o piattaforme di terzi per scopi commerciali.<\/p>\n\n\n\n<p>Sebbene Vidizzy.chat non rivendichi la propriet\u00e0 del Contenuto utente, si riserva il diritto di utilizzarlo come indicato sopra. L'utente mantiene il diritto d'autore su qualsiasi Contenuto utente creato e caricato.<\/p>\n\n\n\n<p>L'utente dichiara e garantisce che:<\/p>\n\n\n\n<ol class=\"wp-block-list\">\n<li>L'utente \u00e8 l'unico proprietario o dispone dei diritti, delle licenze e dei permessi necessari per concedere la suddetta licenza.<\/li>\n\n\n\n<li>I Contenuti dell'utente non violano la propriet\u00e0 intellettuale, la privacy o i diritti di pubblicit\u00e0 di terzi o qualsiasi legge applicabile.<\/li>\n\n\n\n<li>Il Contenuto dell'utente non deve includere materiale osceno, offensivo o illegale.<\/li>\n<\/ol>\n\n\n\n<p>Ci riserviamo il diritto di rimuovere o disabilitare l'accesso a qualsiasi Contenuto utente che violi il presente Accordo.<\/p>\n\n\n\n<hr class=\"wp-block-separator has-alpha-channel-opacity\"\/>\n\n\n\n<h2 class=\"wp-block-heading\">Attivit\u00e0 dannosa dell'utente<\/h2>\n\n\n\n<p>L'utente accetta di non intraprendere nessuna delle seguenti attivit\u00e0 durante l'utilizzo di Vidizzy.chat:<\/p>\n\n\n\n<ol class=\"wp-block-list\">\n<li>Tentare di sondare, scansionare o violare la sicurezza dei nostri sistemi o reti.<\/li>\n\n\n\n<li>eludere o aggirare le misure di protezione del Sito o dei suoi Contenuti.<\/li>\n\n\n\n<li>Utilizzare strumenti non autorizzati (ad esempio, bot, spider, scrapers) per accedere o interagire con il sito web.<\/li>\n\n\n\n<li>falsificazione delle intestazioni dei pacchetti o utilizzo di tecniche ingannevoli per mascherare le informazioni di origine.<\/li>\n\n\n\n<li>interferire con l'accesso di altri utenti al sito web, compreso lo spamming o l'invio di software dannoso.<\/li>\n\n\n\n<li>Tentare di decompilare, decodificare o replicare il nostro software.<\/li>\n\n\n\n<li>Promuovere o pubblicizzare servizi di terzi senza previa approvazione.<\/li>\n\n\n\n<li>Incoraggiare o consentire ad altri di violare questi termini.<\/li>\n<\/ol>\n\n\n\n<hr class=\"wp-block-separator has-alpha-channel-opacity\"\/>\n\n\n\n<h2 class=\"wp-block-heading\">Prodotti o servizi a pagamento<\/h2>\n\n\n\n<p>Vidizzy.chat pu\u00f2 offrire prodotti o servizi a pagamento, tra cui beni digitali, abbonamenti e funzioni aggiuntive. Acquistando un servizio a pagamento, l'utente accetta di:<\/p>\n\n\n\n<ol class=\"wp-block-list\">\n<li>Fornire informazioni accurate sui pagamenti.<\/li>\n\n\n\n<li>Assicuratevi che tutti gli addebiti siano onorati dal vostro fornitore di pagamenti.<\/li>\n\n\n\n<li>Pagare tutte le tasse e le imposte applicabili.<\/li>\n\n\n\n<li>Contattateci prima di avviare un chargeback in caso di problemi con una transazione.<\/li>\n<\/ol>\n\n\n\n<p>I rimborsi per i servizi a pagamento sono soggetti alla nostra Politica dei rimborsi e Vidizzy.chat si riserva il diritto di modificare i termini di pagamento in qualsiasi momento.<\/p>\n\n\n\n<hr class=\"wp-block-separator has-alpha-channel-opacity\"\/>\n\n\n\n<h2 class=\"wp-block-heading\">Link e risorse esterne<\/h2>\n\n\n\n<p>Vidizzy.chat pu\u00f2 includere collegamenti a siti web o risorse di terzi. Pur cercando di fornire collegamenti affidabili, non siamo responsabili della disponibilit\u00e0, dell'accuratezza o del contenuto di tali risorse esterne. Gli utenti si assumono tutti i rischi associati all'accesso a siti web di terzi.<\/p>\n\n\n\n<hr class=\"wp-block-separator has-alpha-channel-opacity\"\/>\n\n\n\n<h2 class=\"wp-block-heading\">Cessazione dell'accesso<\/h2>\n\n\n\n<p>Ci riserviamo il diritto di limitare o interrompere il vostro accesso a Vidizzy.chat se:<\/p>\n\n\n\n<ol class=\"wp-block-list\">\n<li>Violare le nostre Regole, il presente Accordo o la nostra Informativa sulla privacy.<\/li>\n\n\n\n<li>Fornire o distribuire contenuti vietati.<\/li>\n\n\n\n<li>Impegnarsi in attivit\u00e0 dannose come indicato sopra.<\/li>\n<\/ol>\n\n\n\n<p>L'interruzione pu\u00f2 avvenire senza preavviso e ci riserviamo il diritto di bloccare indirizzi IP o account specifici.<\/p>\n\n\n\n<hr class=\"wp-block-separator has-alpha-channel-opacity\"\/>\n\n\n\n<h2 class=\"wp-block-heading\">Limitazione di responsabilit\u00e0<\/h2>\n\n\n\n<p>Vidizzy.chat non \u00e8 responsabile per:<\/p>\n\n\n\n<ol class=\"wp-block-list\">\n<li>Azioni o contenuti forniti dagli Utenti.<\/li>\n\n\n\n<li>Interruzioni, guasti tecnici o perdite di dati derivanti dall'uso del sito web.<\/li>\n\n\n\n<li>Danni finanziari o materiali subiti durante l'utilizzo dei nostri servizi.<\/li>\n<\/ol>\n\n\n\n<p>Gli utenti accettano di indennizzare e tenere indenne Vidizzy.chat da qualsiasi reclamo, perdita o danno derivante dall'uso del Sito.<\/p>\n\n\n\n<hr class=\"wp-block-separator has-alpha-channel-opacity\"\/>\n\n\n\n<h2 class=\"wp-block-heading\">Emendamenti<\/h2>\n\n\n\n<p>Ci riserviamo il diritto di modificare il presente Contratto, le nostre Regole, l'Informativa sulla privacy e l'Informativa sui rimborsi in qualsiasi momento. Gli aggiornamenti saranno pubblicati sul sito web ed \u00e8 responsabilit\u00e0 dell'utente rivedere periodicamente questi documenti. L'uso continuato di Vidizzy.chat dopo le modifiche costituisce l'accettazione dei termini aggiornati.<\/p>\n\n\n\n<hr class=\"wp-block-separator has-alpha-channel-opacity\"\/>\n\n\n\n<h2 class=\"wp-block-heading\">Legge applicabile<\/h2>\n\n\n\n<p>Il presente Contratto \u00e8 disciplinato e interpretato in conformit\u00e0 alle leggi di [Giurisdizione dell'utente]. Eventuali controversie derivanti dal presente Contratto saranno risolte dai tribunali di [Giurisdizione dell'utente].<\/p>\n\n\n\n<hr class=\"wp-block-separator has-alpha-channel-opacity\"\/>\n\n\n\n<h2 class=\"wp-block-heading\">Contatto<\/h2>\n\n\n\n<p>Per domande o dubbi relativi al presente Contratto, si prega di contattarci all'indirizzo <strong><a href=\"mailto:support@vidizzy.chat\">support@vidizzy.chat<\/a><\/strong>.<\/p>\n\n\n\n<p><\/p>","protected":false},"excerpt":{"rendered":"<p>This document, which may also be referred to as \u201cTerms of Service,\u201d \u201cTerms,\u201d \u201cUser Agreement,\u201d or \u201cAgreement\u201d throughout, is a legally binding agreement between individuals, businesses, and organizations (Users) and Vidizzy.chat, operated by Vidizzy Inc., located at [Your Business Address Here], which may also be referred to as \u201cVidizzy.chat,\u201d \u201cCompany,\u201d the \u201cWebsite,\u201d or \u201cService\u201d hereafter. [&hellip;]<\/p>","protected":false},"author":3,"featured_media":0,"parent":0,"menu_order":0,"comment_status":"closed","ping_status":"closed","template":"page-no-sidebar.php","meta":{"_acf_changed":false,"footnotes":""},"class_list":["post-149","page","type-page","status-publish","hentry"],"acf":[],"yoast_head":"<!-- This site is optimized with the Yoast SEO plugin v26.7 - https:\/\/yoast.com\/wordpress\/plugins\/seo\/ -->\n<title>Terms and Conditions - Vidizzy<\/title>\n<meta name=\"robots\" content=\"index, follow, max-snippet:-1, max-image-preview:large, max-video-preview:-1\" \/>\n<link rel=\"canonical\" href=\"https:\/\/vidizzy.chat\/it\/terms-and-conditions\/\" \/>\n<meta property=\"og:locale\" content=\"it_IT\" \/>\n<meta property=\"og:type\" content=\"article\" \/>\n<meta property=\"og:title\" content=\"Terms and Conditions - Vidizzy\" \/>\n<meta property=\"og:description\" content=\"This document, which may also be referred to as \u201cTerms of Service,\u201d \u201cTerms,\u201d \u201cUser Agreement,\u201d or \u201cAgreement\u201d throughout, is a legally binding agreement between individuals, businesses, and organizations (Users) and Vidizzy.chat, operated by Vidizzy Inc., located at [Your Business Address Here], which may also be referred to as \u201cVidizzy.chat,\u201d \u201cCompany,\u201d the \u201cWebsite,\u201d or \u201cService\u201d hereafter. [&hellip;]\" \/>\n<meta property=\"og:url\" content=\"https:\/\/vidizzy.chat\/it\/terms-and-conditions\/\" \/>\n<meta property=\"og:site_name\" content=\"Vidizzy\" \/>\n<meta property=\"article:modified_time\" content=\"2025-06-26T14:37:34+00:00\" \/>\n<meta name=\"twitter:card\" content=\"summary_large_image\" \/>\n<meta name=\"twitter:label1\" content=\"Tempo di lettura stimato\" \/>\n\t<meta name=\"twitter:data1\" content=\"5 minuti\" \/>\n<script type=\"application\/ld+json\" class=\"yoast-schema-graph\">{\"@context\":\"https:\/\/schema.org\",\"@graph\":[{\"@type\":\"WebPage\",\"@id\":\"https:\/\/vidizzy.chat\/terms-and-conditions\/\",\"url\":\"https:\/\/vidizzy.chat\/terms-and-conditions\/\",\"name\":\"Terms and Conditions - Vidizzy\",\"isPartOf\":{\"@id\":\"https:\/\/vidizzy.chat\/#website\"},\"datePublished\":\"2023-03-14T10:45:22+00:00\",\"dateModified\":\"2025-06-26T14:37:34+00:00\",\"breadcrumb\":{\"@id\":\"https:\/\/vidizzy.chat\/terms-and-conditions\/#breadcrumb\"},\"inLanguage\":\"it-IT\",\"potentialAction\":[{\"@type\":\"ReadAction\",\"target\":[\"https:\/\/vidizzy.chat\/terms-and-conditions\/\"]}]},{\"@type\":\"BreadcrumbList\",\"@id\":\"https:\/\/vidizzy.chat\/terms-and-conditions\/#breadcrumb\",\"itemListElement\":[{\"@type\":\"ListItem\",\"position\":1,\"name\":\"Home\",\"item\":\"https:\/\/vidizzy.chat\/\"},{\"@type\":\"ListItem\",\"position\":2,\"name\":\"Terms and Conditions\"}]},{\"@type\":\"WebSite\",\"@id\":\"https:\/\/vidizzy.chat\/#website\",\"url\":\"https:\/\/vidizzy.chat\/\",\"name\":\"Vidizzy\",\"description\":\"\",\"potentialAction\":[{\"@type\":\"SearchAction\",\"target\":{\"@type\":\"EntryPoint\",\"urlTemplate\":\"https:\/\/vidizzy.chat\/?s={search_term_string}\"},\"query-input\":{\"@type\":\"PropertyValueSpecification\",\"valueRequired\":true,\"valueName\":\"search_term_string\"}}],\"inLanguage\":\"it-IT\"}]}<\/script>\n<!-- \/ Yoast SEO plugin. -->","yoast_head_json":{"title":"Termini e condizioni - Vidizzy","robots":{"index":"index","follow":"follow","max-snippet":"max-snippet:-1","max-image-preview":"max-image-preview:large","max-video-preview":"max-video-preview:-1"},"canonical":"https:\/\/vidizzy.chat\/it\/terms-and-conditions\/","og_locale":"it_IT","og_type":"article","og_title":"Terms and Conditions - Vidizzy","og_description":"This document, which may also be referred to as \u201cTerms of Service,\u201d \u201cTerms,\u201d \u201cUser Agreement,\u201d or \u201cAgreement\u201d throughout, is a legally binding agreement between individuals, businesses, and organizations (Users) and Vidizzy.chat, operated by Vidizzy Inc., located at [Your Business Address Here], which may also be referred to as \u201cVidizzy.chat,\u201d \u201cCompany,\u201d the \u201cWebsite,\u201d or \u201cService\u201d hereafter. [&hellip;]","og_url":"https:\/\/vidizzy.chat\/it\/terms-and-conditions\/","og_site_name":"Vidizzy","article_modified_time":"2025-06-26T14:37:34+00:00","twitter_card":"summary_large_image","twitter_misc":{"Tempo di lettura stimato":"5 minuti"},"schema":{"@context":"https:\/\/schema.org","@graph":[{"@type":"WebPage","@id":"https:\/\/vidizzy.chat\/terms-and-conditions\/","url":"https:\/\/vidizzy.chat\/terms-and-conditions\/","name":"Termini e condizioni - Vidizzy","isPartOf":{"@id":"https:\/\/vidizzy.chat\/#website"},"datePublished":"2023-03-14T10:45:22+00:00","dateModified":"2025-06-26T14:37:34+00:00","breadcrumb":{"@id":"https:\/\/vidizzy.chat\/terms-and-conditions\/#breadcrumb"},"inLanguage":"it-IT","potentialAction":[{"@type":"ReadAction","target":["https:\/\/vidizzy.chat\/terms-and-conditions\/"]}]},{"@type":"BreadcrumbList","@id":"https:\/\/vidizzy.chat\/terms-and-conditions\/#breadcrumb","itemListElement":[{"@type":"ListItem","position":1,"name":"Home","item":"https:\/\/vidizzy.chat\/"},{"@type":"ListItem","position":2,"name":"Terms and Conditions"}]},{"@type":"WebSite","@id":"https:\/\/vidizzy.chat\/#website","url":"https:\/\/vidizzy.chat\/","name":"Vidizzy","description":"","potentialAction":[{"@type":"SearchAction","target":{"@type":"EntryPoint","urlTemplate":"https:\/\/vidizzy.chat\/?s={search_term_string}"},"query-input":{"@type":"PropertyValueSpecification","valueRequired":true,"valueName":"search_term_string"}}],"inLanguage":"it-IT"}]}},"_links":{"self":[{"href":"https:\/\/vidizzy.chat\/it\/wp-json\/wp\/v2\/pages\/149","targetHints":{"allow":["GET"]}}],"collection":[{"href":"https:\/\/vidizzy.chat\/it\/wp-json\/wp\/v2\/pages"}],"about":[{"href":"https:\/\/vidizzy.chat\/it\/wp-json\/wp\/v2\/types\/page"}],"author":[{"embeddable":true,"href":"https:\/\/vidizzy.chat\/it\/wp-json\/wp\/v2\/users\/3"}],"replies":[{"embeddable":true,"href":"https:\/\/vidizzy.chat\/it\/wp-json\/wp\/v2\/comments?post=149"}],"version-history":[{"count":3,"href":"https:\/\/vidizzy.chat\/it\/wp-json\/wp\/v2\/pages\/149\/revisions"}],"predecessor-version":[{"id":795,"href":"https:\/\/vidizzy.chat\/it\/wp-json\/wp\/v2\/pages\/149\/revisions\/795"}],"wp:attachment":[{"href":"https:\/\/vidizzy.chat\/it\/wp-json\/wp\/v2\/media?parent=149"}],"curies":[{"name":"wp","href":"https:\/\/api.w.org\/{rel}","templated":true}]}}