{"id":134,"date":"2023-03-14T10:40:01","date_gmt":"2023-03-14T10:40:01","guid":{"rendered":"https:\/\/export.mercurytheme.com\/013\/?page_id=134"},"modified":"2026-02-23T13:51:39","modified_gmt":"2026-02-23T13:51:39","slug":"omegle-alternative-site","status":"publish","type":"page","link":"https:\/\/vidizzy.chat\/it\/","title":{"rendered":"Casa"},"content":{"rendered":"<header class=\"wp-block-cover is-light\"><img loading=\"lazy\" decoding=\"async\" width=\"2560\" height=\"1707\" class=\"wp-block-cover__image-background wp-image-24 size-full\" alt=\"Gruppo di persone che si divertono insieme utilizzando la chat video Vidizzy. \" src=\"https:\/\/vidizzy.chat\/wp-content\/uploads\/2023\/03\/AdobeStock_484873483.webp\" style=\"object-position:50% 65%\" data-object-fit=\"cover\" data-object-position=\"50% 65%\" srcset=\"https:\/\/vidizzy.chat\/wp-content\/uploads\/2023\/03\/AdobeStock_484873483.webp 2560w, https:\/\/vidizzy.chat\/wp-content\/uploads\/2023\/03\/AdobeStock_484873483-300x200.webp 300w, https:\/\/vidizzy.chat\/wp-content\/uploads\/2023\/03\/AdobeStock_484873483-1024x683.webp 1024w, https:\/\/vidizzy.chat\/wp-content\/uploads\/2023\/03\/AdobeStock_484873483-768x512.webp 768w, https:\/\/vidizzy.chat\/wp-content\/uploads\/2023\/03\/AdobeStock_484873483-1536x1024.webp 1536w, https:\/\/vidizzy.chat\/wp-content\/uploads\/2023\/03\/AdobeStock_484873483-2048x1366.webp 2048w, https:\/\/vidizzy.chat\/wp-content\/uploads\/2023\/03\/AdobeStock_484873483-60x40.webp 60w, https:\/\/vidizzy.chat\/wp-content\/uploads\/2023\/03\/AdobeStock_484873483-48x32.webp 48w, https:\/\/vidizzy.chat\/wp-content\/uploads\/2023\/03\/AdobeStock_484873483-105x70.webp 105w, https:\/\/vidizzy.chat\/wp-content\/uploads\/2023\/03\/AdobeStock_484873483-120x80.webp 120w, https:\/\/vidizzy.chat\/wp-content\/uploads\/2023\/03\/AdobeStock_484873483-202x135.webp 202w\" sizes=\"auto, (max-width: 2560px) 100vw, 2560px\" \/><span aria-hidden=\"true\" class=\"wp-block-cover__background has-background-dim\" style=\"background-color:#b2a3a1\"><\/span><div class=\"wp-block-cover__inner-container is-layout-constrained wp-block-cover-is-layout-constrained\">\n<h2 class=\"wp-block-heading has-text-align-center has-mercury-peter-river-color has-text-color has-link-color wp-elements-0057490c8d62941ab8091d63f8a669db\" style=\"font-size:44px;font-style:italic;font-weight:600\"><strong>IL MIGLIOR SITO DI CHAT PER ADULTI CASUALE<\/strong><\/h2>\n\n\n\n<p class=\"has-text-align-center has-mercury-white-color has-text-color has-link-color has-medium-font-size wp-elements-795299d8b0dd385ff8ae8a0e5ceb217f\">Chatta con sconosciuti casuali online su Vidizzy - in modo sicuro, istantaneo e senza registrazione.<\/p>\n\n\n\n<div class=\"wp-block-buttons is-content-justification-center is-layout-flex wp-container-core-buttons-is-layout-16018d1d wp-block-buttons-is-layout-flex\">\n<div class=\"wp-block-button is-style-fill\"><a class=\"wp-block-button__link has-mercury-white-color has-vivid-cyan-blue-to-vivid-purple-gradient-background has-text-color has-background has-link-color has-text-align-center wp-element-button\" href=\"https:\/\/vidizzy.chat\/ff\/\">Inizia qui<\/a><\/div>\n<\/div>\n<\/div><\/header>\n\n\n\n<div class=\"wp-block-group is-vertical is-content-justification-center is-layout-flex wp-container-core-group-is-layout-4b2eccd6 wp-block-group-is-layout-flex\">\n<h1 class=\"wp-block-heading has-text-align-center has-mercury-gray-color has-text-color has-link-color wp-elements-701e5ed66b1478c476adfcb36d2a2395\" style=\"font-size:32px\">Benvenuti a Vidizzy: il futuro della video chat online<\/h1>\n<\/div>\n\n\n\n<div class=\"wp-block-group is-layout-grid wp-container-core-group-is-layout-8d2db683 wp-block-group-is-layout-grid\">\n<p class=\"has-text-align-center has-mercury-gray-color has-text-color has-link-color wp-elements-8c67e267dcd0368fe68cc8ac8e2d6108\">Cercate un modo divertente, sicuro ed emozionante per connettervi con persone in tutto il mondo? Con noi, puoi goderti conversazioni spontanee da camma a camma attraverso una chat video veloce, sicura e privata direttamente dal tuo browser. Basta cliccare e iniziare a chattare!<br><\/p>\n<\/div>\n\n\n\n<div style=\"height:30px\" aria-hidden=\"true\" class=\"wp-block-spacer\"><\/div>\n\n\n<div class=\"wp-block-image is-style-default\">\n<figure class=\"aligncenter size-medium is-resized\"><img loading=\"lazy\" decoding=\"async\" width=\"300\" height=\"263\" src=\"https:\/\/vidizzy.chat\/wp-content\/uploads\/2023\/03\/home-icon-2-300x263.png\" alt=\"\" class=\"wp-image-27\" style=\"object-fit:cover;width:229px;height:200px\" srcset=\"https:\/\/vidizzy.chat\/wp-content\/uploads\/2023\/03\/home-icon-2-300x263.png 300w, https:\/\/vidizzy.chat\/wp-content\/uploads\/2023\/03\/home-icon-2-46x40.png 46w, https:\/\/vidizzy.chat\/wp-content\/uploads\/2023\/03\/home-icon-2-36x32.png 36w, https:\/\/vidizzy.chat\/wp-content\/uploads\/2023\/03\/home-icon-2-80x70.png 80w, https:\/\/vidizzy.chat\/wp-content\/uploads\/2023\/03\/home-icon-2-91x80.png 91w, https:\/\/vidizzy.chat\/wp-content\/uploads\/2023\/03\/home-icon-2-154x135.png 154w, https:\/\/vidizzy.chat\/wp-content\/uploads\/2023\/03\/home-icon-2.png 342w\" sizes=\"auto, (max-width: 300px) 100vw, 300px\" \/><\/figure>\n<\/div>\n\n\n<div style=\"height:30px\" aria-hidden=\"true\" class=\"wp-block-spacer\"><\/div>\n\n\n\n<h2 class=\"wp-block-heading\">Perch\u00e9 scegliere Vidizzy?<\/h2>\n\n\n\n<p>Si distingue per la combinazione unica di funzioni che migliorano le interazioni virtuali. Semplifica la comunicazione globale e garantisce un'esperienza sicura, continua e personalizzata.<\/p>\n\n\n\n<p style=\"font-size:16px\">\ud83c\udf0d<strong>Accessibilit\u00e0 globale<\/strong>: Connettetevi con gli utenti di tutto il mondo senza inutili restrizioni. Grazie ai filtri per la posizione e la lingua, \u00e8 possibile scoprire conversazioni in linea con le proprie preferenze.<\/p>\n\n\n\n<p style=\"font-size:16px\">\ud83c\udfa8<strong>Opzioni personalizzabili<\/strong>: Connettetevi con persone che condividono la vostra stessa atmosfera grazie alle opzioni di abbinamento intelligente.<\/p>\n\n\n\n<p style=\"font-size:16px\">\u270d\ufe0f <strong>Non \u00e8 necessario iscriversi<\/strong>: Chatta gratis con la cam, istantaneamente. Non c'\u00e8 bisogno di usare la tua email, a meno che tu non voglia farlo.<\/p>\n\n\n\n<h2 class=\"wp-block-heading\">Vidizzy Caratteristiche<\/h2>\n\n\n\n<p>Godetevi un'esperienza di video chat per adulti senza soluzione di continuit\u00e0 e personalizzabile:<\/p>\n\n\n\n<p>\ud83d\udd12 <strong>Privato e sicuro<\/strong> - Crittografia end-to-end e chat anonima<\/p>\n\n\n\n<p>\ud83c\udfa5 <strong>Video HD e audio chiaro<\/strong> - Comunicazione fluida anche con larghezza di banda ridotta<\/p>\n\n\n\n<p>\u2699\ufe0f <strong>Scorri e abbina<\/strong> - Non ti piace l'interlocutore? Passate al prossimo<\/p>\n\n\n\n<p>\ud83d\udeab <strong>Strumenti di moderazione<\/strong> - Bloccare o segnalare istantaneamente gli utenti<\/p>\n\n\n\n<p>\ud83d\udcf1 <strong>Basato su browser<\/strong> - Nessun download. Funziona su desktop, tablet e cellulari<\/p>\n\n\n\n<h2 class=\"wp-block-heading\">Come utilizzare Vidizzy<\/h2>\n\n\n\n<p>Bastano pochi secondi per iniziare la vostra esperienza di chat con telecamera gratuita:<\/p>\n\n\n\n<ol class=\"wp-block-list\">\n<li><strong>Vai a Vidizzy.chat<\/strong>- Non \u00e8 necessaria alcuna applicazione o installazione.<\/li>\n\n\n\n<li><strong>Consente l'uso della fotocamera e del microfono<\/strong> - Garantire video e audio di alta qualit\u00e0<\/li>\n\n\n\n<li><strong>Impostare le preferenze<\/strong> - Personalizzare i filtri per migliorare le connessioni<\/li>\n\n\n\n<li><strong>Inizia a chattare!<\/strong> - Incontrare subito qualcuno di nuovo<\/li>\n<\/ol>\n\n\n\n<p class=\"has-medium-font-size\"><strong>Siete pronti a iniziare una videochat gratuita?<\/strong><\/p>\n\n\n\n<p>Unisciti alle migliaia di persone che si connettono - chatta gratis in cam, senza registrazione, senza stress. Solo conversazioni reali, a modo tuo.<\/p>\n\n\n\n<div class=\"wp-block-buttons is-content-justification-center is-layout-flex wp-container-core-buttons-is-layout-16018d1d wp-block-buttons-is-layout-flex\">\n<div class=\"wp-block-button is-style-fill\"><a class=\"wp-block-button__link has-mercury-white-color has-vivid-cyan-blue-to-vivid-purple-gradient-background has-text-color has-background has-link-color has-text-align-center wp-element-button\" href=\"https:\/\/vidizzy.chat\/it\/iwy\/\">Iniziare a chattare istantaneamente<\/a><\/div>\n<\/div>\n\n\n\n<div style=\"height:30px\" aria-hidden=\"true\" class=\"wp-block-spacer\"><\/div>\n\n\n\n<h2 class=\"wp-block-heading\">Domande frequenti<\/h2>\n\n\n\n<style>\n  .faq-section {\n    max-width: 800px;\n    margin: 0;\n    padding: 10px 20px 40px;\n    font-family: Arial, sans-serif;\n  }\n\n  .faq-item {\n    background-color: #2ac2e0;\n    color: white;\n    margin-bottom: 10px;\n    border-radius: 5px;\n    overflow: hidden;\n  }\n\n  .faq-question {\n    padding: 15px 20px;\n    cursor: pointer;\n    position: relative;\n    font-weight: bold;\n    text-align: left;\n    font-size: 1rem;\n  }\n\n  .faq-question::after {\n    content: '+';\n    font-size: 1.5rem;\n    position: absolute;\n    right: 20px;\n    top: 12px;\n    transition: transform 0.3s ease;\n  }\n\n  .faq-item.active .faq-question::after {\n    transform: rotate(45deg);\n  }\n\n  .faq-answer {\n    max-height: 0;\n    overflow: hidden;\n    background-color: #f2f2f2;\n    color: #333;\n    padding: 0 20px;\n    transition: max-height 0.3s ease, padding 0.3s ease;\n    font-size: 0.95rem;\n  }\n\n  .faq-item.active .faq-answer {\n    max-height: 500px;\n    padding: 15px 20px;\n  }\n\n  @media (max-width: 600px) {\n    .faq-section {\n      padding: 10px 15px 30px;\n    }\n\n    .faq-question {\n      font-size: 1rem;\n      padding: 12px 16px;\n    }\n\n    .faq-answer {\n      font-size: 0.95rem;\n      padding: 0 16px;\n    }\n\n    .faq-item.active .faq-answer {\n      padding: 12px 16px;\n    }\n\n    .faq-question::after {\n      right: 16px;\n      top: 10px;\n    }\n  }\n<\/style>\n\n<section class=\"faq-section\">\n  <div class=\"faq-item\">\n    <div class=\"faq-question\">Che cos'\u00e8 la Video Chat Vidizzy?<\/div>\n    <div class=\"faq-answer\">Vidizzy \u00e8 una piattaforma basata su browser che offre una cam gratuita per chattare con sconosciuti in tutto il mondo. \u00c8 progettata per conversazioni video online spontanee, sicure e divertenti, senza bisogno di iscriversi.<\/div>\n  <\/div>\n\n  <div class=\"faq-item\">\n    <div class=\"faq-question\">L'Vidizzy \u00e8 davvero gratuito?<\/div>\n    <div class=\"faq-answer\">S\u00ec, \u00e8 possibile usufruire di chat in cam illimitate e gratuite senza download. Per maggiori funzioni, \u00e8 possibile effettuare l'upgrade a un piano premium in qualsiasi momento.<\/div>\n  <\/div>\n\n  <div class=\"faq-item\">\n    <div class=\"faq-question\">Come posso proteggere la mia privacy durante la chat?<\/div>\n    <div class=\"faq-answer\">Vidizzy utilizza la crittografia end-to-end, opzioni di chat anonima e strumenti di moderazione per mantenere le chat sicure e private. Non sono richieste informazioni personali.<\/div>\n  <\/div>\n\n  <div class=\"faq-item\">\n    <div class=\"faq-question\">Posso scegliere con chi connettermi?<\/div>\n    <div class=\"faq-answer\">Assolutamente s\u00ec. Con i filtri intelligenti, \u00e8 possibile chattare in base alla lingua, alla regione o agli interessi. <strong>chattare con la telecamera gratis<\/strong> esperienza pi\u00f9 rilevante e divertente.<\/div>\n  <\/div>\n\n  <div class=\"faq-item\">\n    <div class=\"faq-question\">Cosa rende Vidizzy diverso dagli altri siti di chat casuale?<\/div>\n    <div class=\"faq-answer\">A differenza di molti altri siti, Vidizzy offre uno streaming fluido, <strong>chattare gratis in cam<\/strong>e un design orientato alla privacy che funziona anche su connessioni lente.<\/div>\n  <\/div>\n\n  <div class=\"faq-item\">\n    <div class=\"faq-question\">Devo scaricare qualcosa?<\/div>\n    <div class=\"faq-answer\">No! Vidizzy \u00e8 completamente basato sul browser, non richiede installazioni. Funziona su dispositivi desktop, tablet e mobili.<\/div>\n  <\/div>\n<\/section>\n\n<script>\n  document.querySelectorAll('.faq-question').forEach(item => {\n    item.addEventListener('click', () => {\n      const parent = item.parentElement;\n      parent.classList.toggle('active');\n    });\n  });\n<\/script>\n\n\n\n<p><\/p>","protected":false},"excerpt":{"rendered":"<p>Welcome to Vidizzy: The Future of Online Video Chat Looking for a fun, safe, and exciting way to connect with people worldwide?&nbsp;With us, you can enjoy spontaneous cam-to-cam conversations through fast, secure, and private video chat directly from your browser. Just click and start chatting! Why Choose Vidizzy? It stands out for its unique combination [&hellip;]<\/p>","protected":false},"author":3,"featured_media":0,"parent":0,"menu_order":0,"comment_status":"closed","ping_status":"closed","template":"start-chat-style-template.php","meta":{"_acf_changed":false,"footnotes":""},"class_list":["post-134","page","type-page","status-publish","hentry"],"acf":[],"yoast_head":"<!-- This site is optimized with the Yoast SEO plugin v26.7 - https:\/\/yoast.com\/wordpress\/plugins\/seo\/ -->\n<title>Vidizzy - Omegle alternative site for Random Video Chat<\/title>\n<meta name=\"description\" content=\"Chat instantly with strangers worldwide on Vidizzy. No sign-ups. Enjoy free cam chats and HD video with smart filters and no downloads.\" \/>\n<meta name=\"robots\" content=\"index, follow, max-snippet:-1, max-image-preview:large, max-video-preview:-1\" \/>\n<link rel=\"canonical\" href=\"https:\/\/vidizzy.chat\/it\/\" \/>\n<meta property=\"og:locale\" content=\"it_IT\" \/>\n<meta property=\"og:type\" content=\"article\" \/>\n<meta property=\"og:title\" content=\"Vidizzy - Omegle alternative site for Random Video Chat\" \/>\n<meta property=\"og:description\" content=\"Chat instantly with strangers worldwide on Vidizzy. No sign-ups. Enjoy free cam chats and HD video with smart filters and no downloads.\" \/>\n<meta property=\"og:url\" content=\"https:\/\/vidizzy.chat\/it\/\" \/>\n<meta property=\"og:site_name\" content=\"Vidizzy\" \/>\n<meta property=\"article:modified_time\" content=\"2026-02-23T13:51:39+00:00\" \/>\n<meta property=\"og:image\" content=\"https:\/\/vidizzy.chat\/wp-content\/uploads\/2023\/03\/AdobeStock_484873483.webp\" \/>\n\t<meta property=\"og:image:width\" content=\"2560\" \/>\n\t<meta property=\"og:image:height\" content=\"1707\" \/>\n\t<meta property=\"og:image:type\" content=\"image\/webp\" \/>\n<meta name=\"twitter:card\" content=\"summary_large_image\" \/>\n<meta name=\"twitter:label1\" content=\"Tempo di lettura stimato\" \/>\n\t<meta name=\"twitter:data1\" content=\"3 minuti\" \/>\n<script type=\"application\/ld+json\" class=\"yoast-schema-graph\">{\"@context\":\"https:\/\/schema.org\",\"@graph\":[{\"@type\":\"WebPage\",\"@id\":\"https:\/\/vidizzy.chat\/\",\"url\":\"https:\/\/vidizzy.chat\/\",\"name\":\"Vidizzy - Omegle alternative site for Random Video Chat\",\"isPartOf\":{\"@id\":\"https:\/\/vidizzy.chat\/#website\"},\"primaryImageOfPage\":{\"@id\":\"https:\/\/vidizzy.chat\/#primaryimage\"},\"image\":{\"@id\":\"https:\/\/vidizzy.chat\/#primaryimage\"},\"thumbnailUrl\":\"https:\/\/vidizzy.chat\/wp-content\/uploads\/2023\/03\/AdobeStock_484873483.webp\",\"datePublished\":\"2023-03-14T10:40:01+00:00\",\"dateModified\":\"2026-02-23T13:51:39+00:00\",\"description\":\"Chat instantly with strangers worldwide on Vidizzy. No sign-ups. Enjoy free cam chats and HD video with smart filters and no downloads.\",\"breadcrumb\":{\"@id\":\"https:\/\/vidizzy.chat\/#breadcrumb\"},\"inLanguage\":\"it-IT\",\"potentialAction\":[{\"@type\":\"ReadAction\",\"target\":[\"https:\/\/vidizzy.chat\/\"]}]},{\"@type\":\"ImageObject\",\"inLanguage\":\"it-IT\",\"@id\":\"https:\/\/vidizzy.chat\/#primaryimage\",\"url\":\"https:\/\/vidizzy.chat\/wp-content\/uploads\/2023\/03\/AdobeStock_484873483.webp\",\"contentUrl\":\"https:\/\/vidizzy.chat\/wp-content\/uploads\/2023\/03\/AdobeStock_484873483.webp\"},{\"@type\":\"BreadcrumbList\",\"@id\":\"https:\/\/vidizzy.chat\/#breadcrumb\",\"itemListElement\":[{\"@type\":\"ListItem\",\"position\":1,\"name\":\"Home\",\"item\":\"https:\/\/vidizzy.chat\/\"},{\"@type\":\"ListItem\",\"position\":2,\"name\":\"Home\"}]},{\"@type\":\"WebSite\",\"@id\":\"https:\/\/vidizzy.chat\/#website\",\"url\":\"https:\/\/vidizzy.chat\/\",\"name\":\"Vidizzy\",\"description\":\"\",\"potentialAction\":[{\"@type\":\"SearchAction\",\"target\":{\"@type\":\"EntryPoint\",\"urlTemplate\":\"https:\/\/vidizzy.chat\/?s={search_term_string}\"},\"query-input\":{\"@type\":\"PropertyValueSpecification\",\"valueRequired\":true,\"valueName\":\"search_term_string\"}}],\"inLanguage\":\"it-IT\"}]}<\/script>\n<!-- \/ Yoast SEO plugin. -->","yoast_head_json":{"title":"Vidizzy - Sito alternativo a Omegle per chat video casuali","description":"Chatta istantaneamente con sconosciuti in tutto il mondo su Vidizzy. Nessuna registrazione. Godetevi le chat in cam gratuite e i video in HD con filtri intelligenti e senza download.","robots":{"index":"index","follow":"follow","max-snippet":"max-snippet:-1","max-image-preview":"max-image-preview:large","max-video-preview":"max-video-preview:-1"},"canonical":"https:\/\/vidizzy.chat\/it\/","og_locale":"it_IT","og_type":"article","og_title":"Vidizzy - Omegle alternative site for Random Video Chat","og_description":"Chat instantly with strangers worldwide on Vidizzy. No sign-ups. Enjoy free cam chats and HD video with smart filters and no downloads.","og_url":"https:\/\/vidizzy.chat\/it\/","og_site_name":"Vidizzy","article_modified_time":"2026-02-23T13:51:39+00:00","og_image":[{"width":2560,"height":1707,"url":"https:\/\/vidizzy.chat\/wp-content\/uploads\/2023\/03\/AdobeStock_484873483.webp","type":"image\/webp"}],"twitter_card":"summary_large_image","twitter_misc":{"Tempo di lettura stimato":"3 minuti"},"schema":{"@context":"https:\/\/schema.org","@graph":[{"@type":"WebPage","@id":"https:\/\/vidizzy.chat\/","url":"https:\/\/vidizzy.chat\/","name":"Vidizzy - Sito alternativo a Omegle per chat video casuali","isPartOf":{"@id":"https:\/\/vidizzy.chat\/#website"},"primaryImageOfPage":{"@id":"https:\/\/vidizzy.chat\/#primaryimage"},"image":{"@id":"https:\/\/vidizzy.chat\/#primaryimage"},"thumbnailUrl":"https:\/\/vidizzy.chat\/wp-content\/uploads\/2023\/03\/AdobeStock_484873483.webp","datePublished":"2023-03-14T10:40:01+00:00","dateModified":"2026-02-23T13:51:39+00:00","description":"Chatta istantaneamente con sconosciuti in tutto il mondo su Vidizzy. Nessuna registrazione. Godetevi le chat in cam gratuite e i video in HD con filtri intelligenti e senza download.","breadcrumb":{"@id":"https:\/\/vidizzy.chat\/#breadcrumb"},"inLanguage":"it-IT","potentialAction":[{"@type":"ReadAction","target":["https:\/\/vidizzy.chat\/"]}]},{"@type":"ImageObject","inLanguage":"it-IT","@id":"https:\/\/vidizzy.chat\/#primaryimage","url":"https:\/\/vidizzy.chat\/wp-content\/uploads\/2023\/03\/AdobeStock_484873483.webp","contentUrl":"https:\/\/vidizzy.chat\/wp-content\/uploads\/2023\/03\/AdobeStock_484873483.webp"},{"@type":"BreadcrumbList","@id":"https:\/\/vidizzy.chat\/#breadcrumb","itemListElement":[{"@type":"ListItem","position":1,"name":"Home","item":"https:\/\/vidizzy.chat\/"},{"@type":"ListItem","position":2,"name":"Home"}]},{"@type":"WebSite","@id":"https:\/\/vidizzy.chat\/#website","url":"https:\/\/vidizzy.chat\/","name":"Vidizzy","description":"","potentialAction":[{"@type":"SearchAction","target":{"@type":"EntryPoint","urlTemplate":"https:\/\/vidizzy.chat\/?s={search_term_string}"},"query-input":{"@type":"PropertyValueSpecification","valueRequired":true,"valueName":"search_term_string"}}],"inLanguage":"it-IT"}]}},"_links":{"self":[{"href":"https:\/\/vidizzy.chat\/it\/wp-json\/wp\/v2\/pages\/134","targetHints":{"allow":["GET"]}}],"collection":[{"href":"https:\/\/vidizzy.chat\/it\/wp-json\/wp\/v2\/pages"}],"about":[{"href":"https:\/\/vidizzy.chat\/it\/wp-json\/wp\/v2\/types\/page"}],"author":[{"embeddable":true,"href":"https:\/\/vidizzy.chat\/it\/wp-json\/wp\/v2\/users\/3"}],"replies":[{"embeddable":true,"href":"https:\/\/vidizzy.chat\/it\/wp-json\/wp\/v2\/comments?post=134"}],"version-history":[{"count":33,"href":"https:\/\/vidizzy.chat\/it\/wp-json\/wp\/v2\/pages\/134\/revisions"}],"predecessor-version":[{"id":918,"href":"https:\/\/vidizzy.chat\/it\/wp-json\/wp\/v2\/pages\/134\/revisions\/918"}],"wp:attachment":[{"href":"https:\/\/vidizzy.chat\/it\/wp-json\/wp\/v2\/media?parent=134"}],"curies":[{"name":"wp","href":"https:\/\/api.w.org\/{rel}","templated":true}]}}