{"id":134,"date":"2023-03-14T10:40:01","date_gmt":"2023-03-14T10:40:01","guid":{"rendered":"https:\/\/export.mercurytheme.com\/013\/?page_id=134"},"modified":"2026-02-23T13:51:39","modified_gmt":"2026-02-23T13:51:39","slug":"omegle-alternative-site","status":"publish","type":"page","link":"https:\/\/vidizzy.chat\/de\/","title":{"rendered":"Heim"},"content":{"rendered":"<header class=\"wp-block-cover is-light\"><img loading=\"lazy\" decoding=\"async\" width=\"2560\" height=\"1707\" class=\"wp-block-cover__image-background wp-image-24 size-full\" alt=\"Eine Gruppe von Leuten, die sich gemeinsam \u00fcber den Vidizzy-Videochat am\u00fcsieren. \" src=\"https:\/\/vidizzy.chat\/wp-content\/uploads\/2023\/03\/AdobeStock_484873483.webp\" style=\"object-position:50% 65%\" data-object-fit=\"cover\" data-object-position=\"50% 65%\" srcset=\"https:\/\/vidizzy.chat\/wp-content\/uploads\/2023\/03\/AdobeStock_484873483.webp 2560w, https:\/\/vidizzy.chat\/wp-content\/uploads\/2023\/03\/AdobeStock_484873483-300x200.webp 300w, https:\/\/vidizzy.chat\/wp-content\/uploads\/2023\/03\/AdobeStock_484873483-1024x683.webp 1024w, https:\/\/vidizzy.chat\/wp-content\/uploads\/2023\/03\/AdobeStock_484873483-768x512.webp 768w, https:\/\/vidizzy.chat\/wp-content\/uploads\/2023\/03\/AdobeStock_484873483-1536x1024.webp 1536w, https:\/\/vidizzy.chat\/wp-content\/uploads\/2023\/03\/AdobeStock_484873483-2048x1366.webp 2048w, https:\/\/vidizzy.chat\/wp-content\/uploads\/2023\/03\/AdobeStock_484873483-60x40.webp 60w, https:\/\/vidizzy.chat\/wp-content\/uploads\/2023\/03\/AdobeStock_484873483-48x32.webp 48w, https:\/\/vidizzy.chat\/wp-content\/uploads\/2023\/03\/AdobeStock_484873483-105x70.webp 105w, https:\/\/vidizzy.chat\/wp-content\/uploads\/2023\/03\/AdobeStock_484873483-120x80.webp 120w, https:\/\/vidizzy.chat\/wp-content\/uploads\/2023\/03\/AdobeStock_484873483-202x135.webp 202w\" sizes=\"auto, (max-width: 2560px) 100vw, 2560px\" \/><span aria-hidden=\"true\" class=\"wp-block-cover__background has-background-dim\" style=\"background-color:#b2a3a1\"><\/span><div class=\"wp-block-cover__inner-container is-layout-constrained wp-block-cover-is-layout-constrained\">\n<h2 class=\"wp-block-heading has-text-align-center has-mercury-peter-river-color has-text-color has-link-color wp-elements-0057490c8d62941ab8091d63f8a669db\" style=\"font-size:44px;font-style:italic;font-weight:600\"><strong>DIE BESTE ZUFALLS-CHAT-SEITE F\u00dcR ERWACHSENE<\/strong><\/h2>\n\n\n\n<p class=\"has-text-align-center has-mercury-white-color has-text-color has-link-color has-medium-font-size wp-elements-795299d8b0dd385ff8ae8a0e5ceb217f\">Chatten Sie mit zuf\u00e4lligen Fremden online auf Vidizzy - sicher, sofort und ohne sich anzumelden.<\/p>\n\n\n\n<div class=\"wp-block-buttons is-content-justification-center is-layout-flex wp-container-core-buttons-is-layout-16018d1d wp-block-buttons-is-layout-flex\">\n<div class=\"wp-block-button is-style-fill\"><a class=\"wp-block-button__link has-mercury-white-color has-vivid-cyan-blue-to-vivid-purple-gradient-background has-text-color has-background has-link-color has-text-align-center wp-element-button\" href=\"https:\/\/vidizzy.chat\/ff\/\">Hier beginnen<\/a><\/div>\n<\/div>\n<\/div><\/header>\n\n\n\n<div class=\"wp-block-group is-vertical is-content-justification-center is-layout-flex wp-container-core-group-is-layout-4b2eccd6 wp-block-group-is-layout-flex\">\n<h1 class=\"wp-block-heading has-text-align-center has-mercury-gray-color has-text-color has-link-color wp-elements-701e5ed66b1478c476adfcb36d2a2395\" style=\"font-size:32px\">Willkommen bei Vidizzy: Die Zukunft des Online-Videochats<\/h1>\n<\/div>\n\n\n\n<div class=\"wp-block-group is-layout-grid wp-container-core-group-is-layout-8d2db683 wp-block-group-is-layout-grid\">\n<p class=\"has-text-align-center has-mercury-gray-color has-text-color has-link-color wp-elements-8c67e267dcd0368fe68cc8ac8e2d6108\">Suchen Sie nach einer unterhaltsamen, sicheren und aufregenden M\u00f6glichkeit, mit Menschen auf der ganzen Welt in Kontakt zu treten? Mit uns k\u00f6nnen Sie spontane Cam-to-Cam-Unterhaltungen \u00fcber einen schnellen, sicheren und privaten Video-Chat direkt von Ihrem Browser aus genie\u00dfen. Einfach anklicken und anfangen zu chatten!<br><\/p>\n<\/div>\n\n\n\n<div style=\"height:30px\" aria-hidden=\"true\" class=\"wp-block-spacer\"><\/div>\n\n\n<div class=\"wp-block-image is-style-default\">\n<figure class=\"aligncenter size-medium is-resized\"><img loading=\"lazy\" decoding=\"async\" width=\"300\" height=\"263\" src=\"https:\/\/vidizzy.chat\/wp-content\/uploads\/2023\/03\/home-icon-2-300x263.png\" alt=\"\" class=\"wp-image-27\" style=\"object-fit:cover;width:229px;height:200px\" srcset=\"https:\/\/vidizzy.chat\/wp-content\/uploads\/2023\/03\/home-icon-2-300x263.png 300w, https:\/\/vidizzy.chat\/wp-content\/uploads\/2023\/03\/home-icon-2-46x40.png 46w, https:\/\/vidizzy.chat\/wp-content\/uploads\/2023\/03\/home-icon-2-36x32.png 36w, https:\/\/vidizzy.chat\/wp-content\/uploads\/2023\/03\/home-icon-2-80x70.png 80w, https:\/\/vidizzy.chat\/wp-content\/uploads\/2023\/03\/home-icon-2-91x80.png 91w, https:\/\/vidizzy.chat\/wp-content\/uploads\/2023\/03\/home-icon-2-154x135.png 154w, https:\/\/vidizzy.chat\/wp-content\/uploads\/2023\/03\/home-icon-2.png 342w\" sizes=\"auto, (max-width: 300px) 100vw, 300px\" \/><\/figure>\n<\/div>\n\n\n<div style=\"height:30px\" aria-hidden=\"true\" class=\"wp-block-spacer\"><\/div>\n\n\n\n<h2 class=\"wp-block-heading\">Warum Vidizzy w\u00e4hlen?<\/h2>\n\n\n\n<p>Es zeichnet sich durch seine einzigartige Kombination von Funktionen aus, die Ihre virtuellen Interaktionen verbessern. Es vereinfacht die globale Kommunikation und gew\u00e4hrleistet gleichzeitig ein sicheres, nahtloses und personalisiertes Erlebnis.<\/p>\n\n\n\n<p style=\"font-size:16px\">\ud83c\udf0d<strong>Globale Zug\u00e4nglichkeit<\/strong>: Verbinden Sie sich mit Nutzern weltweit ohne unn\u00f6tige Einschr\u00e4nkungen. Mit den Orts- und Sprachfiltern k\u00f6nnen Sie Unterhaltungen entdecken, die Ihren Vorlieben entsprechen.<\/p>\n\n\n\n<p style=\"font-size:16px\">\ud83c\udfa8<strong>Anpassbare Optionen<\/strong>: Verbinde dich mit Menschen, die deine Stimmung teilen, indem du intelligente Matching-Optionen nutzt.<\/p>\n\n\n\n<p style=\"font-size:16px\">\u270d\ufe0f <strong>Keine Anmeldung erforderlich<\/strong>: Chat kostenlos mit Cam, sofort. Sie brauchen Ihre E-Mail nicht zu benutzen, es sei denn, Sie wollen es.<\/p>\n\n\n\n<h2 class=\"wp-block-heading\">Vidizzy Merkmale<\/h2>\n\n\n\n<p>Genie\u00dfen Sie ein nahtloses und anpassbares Video-Chat-Erlebnis f\u00fcr Erwachsene:<\/p>\n\n\n\n<p>\ud83d\udd12 <strong>Privat und sicher<\/strong> - Ende-zu-Ende-Verschl\u00fcsselung und anonymer Chat<\/p>\n\n\n\n<p>\ud83c\udfa5 <strong>HD-Video und klares Audio<\/strong> - Reibungslose Kommunikation auch bei geringer Bandbreite<\/p>\n\n\n\n<p>\u2699\ufe0f <strong>Streichen und anpassen<\/strong> - Gef\u00e4llt Ihnen nicht, mit wem Sie chatten? Weiter zum n\u00e4chsten<\/p>\n\n\n\n<p>\ud83d\udeab <strong>Moderations-Tools<\/strong> - Benutzer sofort sperren oder melden<\/p>\n\n\n\n<p>\ud83d\udcf1 <strong>Browser-basiert<\/strong> - Keine Downloads. Funktioniert auf Desktop, Tablet und Handy<\/p>\n\n\n\n<h2 class=\"wp-block-heading\">Wie man Vidizzy verwendet<\/h2>\n\n\n\n<p>Es dauert nur wenige Sekunden, um Ihren kostenlosen Kamera-Chat zu starten:<\/p>\n\n\n\n<ol class=\"wp-block-list\">\n<li><strong>Weiter zu Vidizzy.chat<\/strong>- Keine App oder Installation erforderlich.<\/li>\n\n\n\n<li><strong>Kamera und Mikrofon zulassen<\/strong> - Sicherstellung einer hohen Video- und Audioqualit\u00e4t<\/li>\n\n\n\n<li><strong>Pr\u00e4ferenzen festlegen<\/strong> - Anpassen von Filtern f\u00fcr bessere Verbindungen<\/li>\n\n\n\n<li><strong>Chatten Sie los!<\/strong> - Sofort jemand Neues kennenlernen<\/li>\n<\/ol>\n\n\n\n<p class=\"has-medium-font-size\"><strong>Bereit, einen kostenlosen Video-Chat zu starten?<\/strong><\/p>\n\n\n\n<p>Schlie\u00dfen Sie sich Tausenden an und verbinden Sie sich - chatten Sie kostenlos per Cam, ohne Anmeldung, ohne Stress. Nur echte Unterhaltungen, deine Art.<\/p>\n\n\n\n<div class=\"wp-block-buttons is-content-justification-center is-layout-flex wp-container-core-buttons-is-layout-16018d1d wp-block-buttons-is-layout-flex\">\n<div class=\"wp-block-button is-style-fill\"><a class=\"wp-block-button__link has-mercury-white-color has-vivid-cyan-blue-to-vivid-purple-gradient-background has-text-color has-background has-link-color has-text-align-center wp-element-button\" href=\"https:\/\/vidizzy.chat\/de\/iwy\/\">Sofort mit dem Chatten beginnen<\/a><\/div>\n<\/div>\n\n\n\n<div style=\"height:30px\" aria-hidden=\"true\" class=\"wp-block-spacer\"><\/div>\n\n\n\n<h2 class=\"wp-block-heading\">H\u00e4ufig gestellte Fragen<\/h2>\n\n\n\n<style>\n  .faq-section {\n    max-width: 800px;\n    margin: 0;\n    padding: 10px 20px 40px;\n    font-family: Arial, sans-serif;\n  }\n\n  .faq-item {\n    background-color: #2ac2e0;\n    color: white;\n    margin-bottom: 10px;\n    border-radius: 5px;\n    overflow: hidden;\n  }\n\n  .faq-question {\n    padding: 15px 20px;\n    cursor: pointer;\n    position: relative;\n    font-weight: bold;\n    text-align: left;\n    font-size: 1rem;\n  }\n\n  .faq-question::after {\n    content: '+';\n    font-size: 1.5rem;\n    position: absolute;\n    right: 20px;\n    top: 12px;\n    transition: transform 0.3s ease;\n  }\n\n  .faq-item.active .faq-question::after {\n    transform: rotate(45deg);\n  }\n\n  .faq-answer {\n    max-height: 0;\n    overflow: hidden;\n    background-color: #f2f2f2;\n    color: #333;\n    padding: 0 20px;\n    transition: max-height 0.3s ease, padding 0.3s ease;\n    font-size: 0.95rem;\n  }\n\n  .faq-item.active .faq-answer {\n    max-height: 500px;\n    padding: 15px 20px;\n  }\n\n  @media (max-width: 600px) {\n    .faq-section {\n      padding: 10px 15px 30px;\n    }\n\n    .faq-question {\n      font-size: 1rem;\n      padding: 12px 16px;\n    }\n\n    .faq-answer {\n      font-size: 0.95rem;\n      padding: 0 16px;\n    }\n\n    .faq-item.active .faq-answer {\n      padding: 12px 16px;\n    }\n\n    .faq-question::after {\n      right: 16px;\n      top: 10px;\n    }\n  }\n<\/style>\n\n<section class=\"faq-section\">\n  <div class=\"faq-item\">\n    <div class=\"faq-question\">Was ist Vidizzy Video Chat?<\/div>\n    <div class=\"faq-answer\">Vidizzy ist eine browserbasierte Plattform, auf der Sie kostenlos mit Fremden auf der ganzen Welt chatten k\u00f6nnen. Sie wurde f\u00fcr spontane, sichere und unterhaltsame Online-Videogespr\u00e4che entwickelt - eine Anmeldung ist nicht erforderlich.<\/div>\n  <\/div>\n\n  <div class=\"faq-item\">\n    <div class=\"faq-question\">Ist die Nutzung von Vidizzy wirklich kostenlos?<\/div>\n    <div class=\"faq-answer\">Ja! Sie k\u00f6nnen unbegrenzt und kostenlos chatten, ohne Downloads. F\u00fcr mehr Funktionen kannst du jederzeit auf einen Premium-Tarif upgraden.<\/div>\n  <\/div>\n\n  <div class=\"faq-item\">\n    <div class=\"faq-question\">Wie kann ich meine Privatsph\u00e4re beim Chatten sch\u00fctzen?<\/div>\n    <div class=\"faq-answer\">Vidizzy verwendet Ende-zu-Ende-Verschl\u00fcsselung, anonyme Chat-Optionen und Moderations-Tools, um Ihre Chats sicher und privat zu halten. Es sind keine pers\u00f6nlichen Daten erforderlich.<\/div>\n  <\/div>\n\n  <div class=\"faq-item\">\n    <div class=\"faq-question\">Kann ich mir aussuchen, mit wem ich Kontakt aufnehme?<\/div>\n    <div class=\"faq-answer\">Ganz genau. Mit intelligenten Filtern k\u00f6nnen Sie auf der Grundlage von Sprache, Region oder Interessen chatten und so Ihre <strong>kostenloses Kamera-Chating<\/strong> Erfahrung mehr Relevanz und Spa\u00df.<\/div>\n  <\/div>\n\n  <div class=\"faq-item\">\n    <div class=\"faq-question\">Was unterscheidet Vidizzy von anderen Zufalls-Chat-Seiten?<\/div>\n    <div class=\"faq-answer\">Im Gegensatz zu vielen anderen Websites bietet Vidizzy reibungsloses Streaming, <strong>chat kostenlos auf cam<\/strong>und ein datenschutzfreundliches Design, das auch bei langsamen Verbindungen funktioniert.<\/div>\n  <\/div>\n\n  <div class=\"faq-item\">\n    <div class=\"faq-question\">Muss ich etwas herunterladen?<\/div>\n    <div class=\"faq-answer\">Nein! Vidizzy ist vollst\u00e4ndig browserbasiert \u2013 es sind keine Installationen erforderlich. Es funktioniert auf Desktop-Computern, Tablets und Mobilger\u00e4ten.<\/div>\n  <\/div>\n<\/section>\n\n<script>\n  document.querySelectorAll('.faq-question').forEach(item => {\n    item.addEventListener('click', () => {\n      const parent = item.parentElement;\n      parent.classList.toggle('active');\n    });\n  });\n<\/script>\n\n\n\n<p><\/p>","protected":false},"excerpt":{"rendered":"<p>Willkommen bei Vidizzy: Die Zukunft des Online-Videochats Sie suchen nach einer unterhaltsamen, sicheren und aufregenden M\u00f6glichkeit, mit Menschen weltweit in Kontakt zu treten? Mit uns k\u00f6nnen Sie spontane Cam-to-Cam-Unterhaltungen \u00fcber einen schnellen, sicheren und privaten Video-Chat direkt von Ihrem Browser aus genie\u00dfen. Klicken Sie einfach und beginnen Sie zu chatten! Warum Vidizzy w\u00e4hlen? Es zeichnet sich durch seine einzigartige Kombination [...]<\/p>","protected":false},"author":3,"featured_media":0,"parent":0,"menu_order":0,"comment_status":"closed","ping_status":"closed","template":"start-chat-style-template.php","meta":{"_acf_changed":false,"footnotes":""},"class_list":["post-134","page","type-page","status-publish","hentry"],"acf":[],"yoast_head":"<!-- This site is optimized with the Yoast SEO plugin v26.7 - https:\/\/yoast.com\/wordpress\/plugins\/seo\/ -->\n<title>Vidizzy - Omegle alternative site for Random Video Chat<\/title>\n<meta name=\"description\" content=\"Chat instantly with strangers worldwide on Vidizzy. No sign-ups. Enjoy free cam chats and HD video with smart filters and no downloads.\" \/>\n<meta name=\"robots\" content=\"index, follow, max-snippet:-1, max-image-preview:large, max-video-preview:-1\" \/>\n<link rel=\"canonical\" href=\"https:\/\/vidizzy.chat\/de\/\" \/>\n<meta property=\"og:locale\" content=\"de_DE\" \/>\n<meta property=\"og:type\" content=\"article\" \/>\n<meta property=\"og:title\" content=\"Vidizzy - Omegle alternative site for Random Video Chat\" \/>\n<meta property=\"og:description\" content=\"Chat instantly with strangers worldwide on Vidizzy. No sign-ups. Enjoy free cam chats and HD video with smart filters and no downloads.\" \/>\n<meta property=\"og:url\" content=\"https:\/\/vidizzy.chat\/de\/\" \/>\n<meta property=\"og:site_name\" content=\"Vidizzy\" \/>\n<meta property=\"article:modified_time\" content=\"2026-02-23T13:51:39+00:00\" \/>\n<meta property=\"og:image\" content=\"https:\/\/vidizzy.chat\/wp-content\/uploads\/2023\/03\/AdobeStock_484873483.webp\" \/>\n\t<meta property=\"og:image:width\" content=\"2560\" \/>\n\t<meta property=\"og:image:height\" content=\"1707\" \/>\n\t<meta property=\"og:image:type\" content=\"image\/webp\" \/>\n<meta name=\"twitter:card\" content=\"summary_large_image\" \/>\n<meta name=\"twitter:label1\" content=\"Gesch\u00e4tzte Lesezeit\" \/>\n\t<meta name=\"twitter:data1\" content=\"3\u00a0Minuten\" \/>\n<script type=\"application\/ld+json\" class=\"yoast-schema-graph\">{\"@context\":\"https:\/\/schema.org\",\"@graph\":[{\"@type\":\"WebPage\",\"@id\":\"https:\/\/vidizzy.chat\/\",\"url\":\"https:\/\/vidizzy.chat\/\",\"name\":\"Vidizzy - Omegle alternative site for Random Video Chat\",\"isPartOf\":{\"@id\":\"https:\/\/vidizzy.chat\/#website\"},\"primaryImageOfPage\":{\"@id\":\"https:\/\/vidizzy.chat\/#primaryimage\"},\"image\":{\"@id\":\"https:\/\/vidizzy.chat\/#primaryimage\"},\"thumbnailUrl\":\"https:\/\/vidizzy.chat\/wp-content\/uploads\/2023\/03\/AdobeStock_484873483.webp\",\"datePublished\":\"2023-03-14T10:40:01+00:00\",\"dateModified\":\"2026-02-23T13:51:39+00:00\",\"description\":\"Chat instantly with strangers worldwide on Vidizzy. No sign-ups. Enjoy free cam chats and HD video with smart filters and no downloads.\",\"breadcrumb\":{\"@id\":\"https:\/\/vidizzy.chat\/#breadcrumb\"},\"inLanguage\":\"de\",\"potentialAction\":[{\"@type\":\"ReadAction\",\"target\":[\"https:\/\/vidizzy.chat\/\"]}]},{\"@type\":\"ImageObject\",\"inLanguage\":\"de\",\"@id\":\"https:\/\/vidizzy.chat\/#primaryimage\",\"url\":\"https:\/\/vidizzy.chat\/wp-content\/uploads\/2023\/03\/AdobeStock_484873483.webp\",\"contentUrl\":\"https:\/\/vidizzy.chat\/wp-content\/uploads\/2023\/03\/AdobeStock_484873483.webp\"},{\"@type\":\"BreadcrumbList\",\"@id\":\"https:\/\/vidizzy.chat\/#breadcrumb\",\"itemListElement\":[{\"@type\":\"ListItem\",\"position\":1,\"name\":\"Home\",\"item\":\"https:\/\/vidizzy.chat\/\"},{\"@type\":\"ListItem\",\"position\":2,\"name\":\"Home\"}]},{\"@type\":\"WebSite\",\"@id\":\"https:\/\/vidizzy.chat\/#website\",\"url\":\"https:\/\/vidizzy.chat\/\",\"name\":\"Vidizzy\",\"description\":\"\",\"potentialAction\":[{\"@type\":\"SearchAction\",\"target\":{\"@type\":\"EntryPoint\",\"urlTemplate\":\"https:\/\/vidizzy.chat\/?s={search_term_string}\"},\"query-input\":{\"@type\":\"PropertyValueSpecification\",\"valueRequired\":true,\"valueName\":\"search_term_string\"}}],\"inLanguage\":\"de\"}]}<\/script>\n<!-- \/ Yoast SEO plugin. -->","yoast_head_json":{"title":"Vidizzy - Omegle alternative Seite f\u00fcr Zufalls-Video-Chat","description":"Chatten Sie sofort mit Fremden auf der ganzen Welt \u00fcber Vidizzy. Keine Anmeldungen. Genie\u00dfen Sie kostenlose Cam-Chats und HD-Videos mit intelligenten Filtern und ohne Downloads.","robots":{"index":"index","follow":"follow","max-snippet":"max-snippet:-1","max-image-preview":"max-image-preview:large","max-video-preview":"max-video-preview:-1"},"canonical":"https:\/\/vidizzy.chat\/de\/","og_locale":"de_DE","og_type":"article","og_title":"Vidizzy - Omegle alternative site for Random Video Chat","og_description":"Chat instantly with strangers worldwide on Vidizzy. No sign-ups. Enjoy free cam chats and HD video with smart filters and no downloads.","og_url":"https:\/\/vidizzy.chat\/de\/","og_site_name":"Vidizzy","article_modified_time":"2026-02-23T13:51:39+00:00","og_image":[{"width":2560,"height":1707,"url":"https:\/\/vidizzy.chat\/wp-content\/uploads\/2023\/03\/AdobeStock_484873483.webp","type":"image\/webp"}],"twitter_card":"summary_large_image","twitter_misc":{"Gesch\u00e4tzte Lesezeit":"3\u00a0Minuten"},"schema":{"@context":"https:\/\/schema.org","@graph":[{"@type":"WebPage","@id":"https:\/\/vidizzy.chat\/","url":"https:\/\/vidizzy.chat\/","name":"Vidizzy - Omegle alternative Seite f\u00fcr Zufalls-Video-Chat","isPartOf":{"@id":"https:\/\/vidizzy.chat\/#website"},"primaryImageOfPage":{"@id":"https:\/\/vidizzy.chat\/#primaryimage"},"image":{"@id":"https:\/\/vidizzy.chat\/#primaryimage"},"thumbnailUrl":"https:\/\/vidizzy.chat\/wp-content\/uploads\/2023\/03\/AdobeStock_484873483.webp","datePublished":"2023-03-14T10:40:01+00:00","dateModified":"2026-02-23T13:51:39+00:00","description":"Chatten Sie sofort mit Fremden auf der ganzen Welt \u00fcber Vidizzy. Keine Anmeldungen. Genie\u00dfen Sie kostenlose Cam-Chats und HD-Videos mit intelligenten Filtern und ohne Downloads.","breadcrumb":{"@id":"https:\/\/vidizzy.chat\/#breadcrumb"},"inLanguage":"de","potentialAction":[{"@type":"ReadAction","target":["https:\/\/vidizzy.chat\/"]}]},{"@type":"ImageObject","inLanguage":"de","@id":"https:\/\/vidizzy.chat\/#primaryimage","url":"https:\/\/vidizzy.chat\/wp-content\/uploads\/2023\/03\/AdobeStock_484873483.webp","contentUrl":"https:\/\/vidizzy.chat\/wp-content\/uploads\/2023\/03\/AdobeStock_484873483.webp"},{"@type":"BreadcrumbList","@id":"https:\/\/vidizzy.chat\/#breadcrumb","itemListElement":[{"@type":"ListItem","position":1,"name":"Home","item":"https:\/\/vidizzy.chat\/"},{"@type":"ListItem","position":2,"name":"Home"}]},{"@type":"WebSite","@id":"https:\/\/vidizzy.chat\/#website","url":"https:\/\/vidizzy.chat\/","name":"Vidizzy","description":"","potentialAction":[{"@type":"SearchAction","target":{"@type":"EntryPoint","urlTemplate":"https:\/\/vidizzy.chat\/?s={search_term_string}"},"query-input":{"@type":"PropertyValueSpecification","valueRequired":true,"valueName":"search_term_string"}}],"inLanguage":"de"}]}},"_links":{"self":[{"href":"https:\/\/vidizzy.chat\/de\/wp-json\/wp\/v2\/pages\/134","targetHints":{"allow":["GET"]}}],"collection":[{"href":"https:\/\/vidizzy.chat\/de\/wp-json\/wp\/v2\/pages"}],"about":[{"href":"https:\/\/vidizzy.chat\/de\/wp-json\/wp\/v2\/types\/page"}],"author":[{"embeddable":true,"href":"https:\/\/vidizzy.chat\/de\/wp-json\/wp\/v2\/users\/3"}],"replies":[{"embeddable":true,"href":"https:\/\/vidizzy.chat\/de\/wp-json\/wp\/v2\/comments?post=134"}],"version-history":[{"count":33,"href":"https:\/\/vidizzy.chat\/de\/wp-json\/wp\/v2\/pages\/134\/revisions"}],"predecessor-version":[{"id":918,"href":"https:\/\/vidizzy.chat\/de\/wp-json\/wp\/v2\/pages\/134\/revisions\/918"}],"wp:attachment":[{"href":"https:\/\/vidizzy.chat\/de\/wp-json\/wp\/v2\/media?parent=134"}],"curies":[{"name":"wp","href":"https:\/\/api.w.org\/{rel}","templated":true}]}}